{"id":236,"date":"2024-02-23T16:16:40","date_gmt":"2024-02-23T15:16:40","guid":{"rendered":"http:\/\/mchead.net\/www_fotomo\/?page_id=236"},"modified":"2024-03-08T21:34:08","modified_gmt":"2024-03-08T20:34:08","slug":"miminka","status":"publish","type":"page","link":"http:\/\/mchead.net\/www_fotomo\/miminka\/","title":{"rendered":"Miminka"},"content":{"rendered":"\n<p class=\"has-text-align-center container\">Nov\u00fd p\u0159\u00edr\u016fstek do rodiny je zvl\u00e1\u0161tn\u00ed ud\u00e1lost\u00ed, kter\u00e1 si zaslou\u017e\u00ed zvl\u00e1\u0161tn\u00ed pam\u00e1tku. Prvn\u00ed chv\u00edle va\u0161eho nov\u00e9ho \u010dlena rodiny zachyt\u00edm tak, abyste si je mohli nav\u017edy pamatovat.<\/p>\n\n\n<div class=\"pgc-sgb-cb wp-block-pgcsimplygalleryblock-masonry  container\" data-gallery-id=\"21637838\"><div class=\"sgb-preloader\" id=\"pr_21637838\">\n\t<div class=\"sgb-square\" style=\"background:#d4d4d4\"><\/div>\n\t<div class=\"sgb-square\" style=\"background:#d4d4d4\"><\/div>\n\t<div class=\"sgb-square\" style=\"background:#d4d4d4\"><\/div>\n\t<div class=\"sgb-square\" style=\"background:#d4d4d4\"><\/div><\/div><div class=\"simply-gallery-amp pgc_sgb_slider \" style=\"display: none;\"><div class=\"sgb-gallery\"><div class=\"sgb-item\"><a href=\"http:\/\/mchead.net\/www_fotomo\/miminka\/dsc_3140-11\/\" target=\"_blank\"><img decoding=\"async\" alt=\"\" width=\"300\" height=\"200\" loading=\"lazy\" src=\"http:\/\/mchead.net\/www_fotomo\/wp-content\/uploads\/2024\/02\/DSC_3140-11-300x200.jpg\" srcset=\"http:\/\/mchead.net\/www_fotomo\/wp-content\/uploads\/2024\/02\/DSC_3140-11-300x200.jpg 300w,http:\/\/mchead.net\/www_fotomo\/wp-content\/uploads\/2024\/02\/DSC_3140-11-1024x683.jpg 1024w,http:\/\/mchead.net\/www_fotomo\/wp-content\/uploads\/2024\/02\/DSC_3140-11-scaled.jpg 2560w\" sizes=\"auto, 250px\"\/><\/a><\/div><div class=\"sgb-item\"><a href=\"http:\/\/mchead.net\/www_fotomo\/miminka\/dsc_3154\/\" target=\"_blank\"><img decoding=\"async\" alt=\"\" width=\"300\" height=\"200\" loading=\"lazy\" src=\"http:\/\/mchead.net\/www_fotomo\/wp-content\/uploads\/2024\/02\/DSC_3154-300x200.jpg\" srcset=\"http:\/\/mchead.net\/www_fotomo\/wp-content\/uploads\/2024\/02\/DSC_3154-300x200.jpg 300w,http:\/\/mchead.net\/www_fotomo\/wp-content\/uploads\/2024\/02\/DSC_3154-1024x683.jpg 1024w,http:\/\/mchead.net\/www_fotomo\/wp-content\/uploads\/2024\/02\/DSC_3154-scaled.jpg 2560w\" sizes=\"auto, 250px\"\/><\/a><\/div><div class=\"sgb-item\"><a href=\"http:\/\/mchead.net\/www_fotomo\/miminka\/dsc_3158\/\" target=\"_blank\"><img decoding=\"async\" alt=\"\" width=\"300\" height=\"200\" loading=\"lazy\" src=\"http:\/\/mchead.net\/www_fotomo\/wp-content\/uploads\/2024\/02\/DSC_3158-300x200.jpg\" srcset=\"http:\/\/mchead.net\/www_fotomo\/wp-content\/uploads\/2024\/02\/DSC_3158-300x200.jpg 300w,http:\/\/mchead.net\/www_fotomo\/wp-content\/uploads\/2024\/02\/DSC_3158-1024x683.jpg 1024w,http:\/\/mchead.net\/www_fotomo\/wp-content\/uploads\/2024\/02\/DSC_3158-scaled.jpg 2560w\" sizes=\"auto, 250px\"\/><\/a><\/div><div class=\"sgb-item\"><a href=\"http:\/\/mchead.net\/www_fotomo\/miminka\/dsc_3285\/\" target=\"_blank\"><img decoding=\"async\" alt=\"\" width=\"200\" height=\"300\" loading=\"lazy\" src=\"http:\/\/mchead.net\/www_fotomo\/wp-content\/uploads\/2024\/02\/DSC_3285-200x300.jpg\" srcset=\"http:\/\/mchead.net\/www_fotomo\/wp-content\/uploads\/2024\/02\/DSC_3285-200x300.jpg 200w,http:\/\/mchead.net\/www_fotomo\/wp-content\/uploads\/2024\/02\/DSC_3285-683x1024.jpg 683w,http:\/\/mchead.net\/www_fotomo\/wp-content\/uploads\/2024\/02\/DSC_3285-scaled.jpg 1707w\" sizes=\"auto, 250px\"\/><\/a><\/div><div class=\"sgb-item\"><a href=\"http:\/\/mchead.net\/www_fotomo\/miminka\/dsc_3326-1-2\/\" target=\"_blank\"><img decoding=\"async\" alt=\"\" width=\"300\" height=\"263\" loading=\"lazy\" src=\"http:\/\/mchead.net\/www_fotomo\/wp-content\/uploads\/2024\/02\/DSC_3326-1-2-300x263.jpg\" srcset=\"http:\/\/mchead.net\/www_fotomo\/wp-content\/uploads\/2024\/02\/DSC_3326-1-2-300x263.jpg 300w,http:\/\/mchead.net\/www_fotomo\/wp-content\/uploads\/2024\/02\/DSC_3326-1-2-1024x899.jpg 1024w,http:\/\/mchead.net\/www_fotomo\/wp-content\/uploads\/2024\/02\/DSC_3326-1-2-scaled.jpg 2560w\" sizes=\"auto, 250px\"\/><\/a><\/div><div class=\"sgb-item\"><a href=\"http:\/\/mchead.net\/www_fotomo\/miminka\/dsc_3326\/\" target=\"_blank\"><img decoding=\"async\" alt=\"\" width=\"300\" height=\"200\" loading=\"lazy\" src=\"http:\/\/mchead.net\/www_fotomo\/wp-content\/uploads\/2024\/02\/DSC_3326-300x200.jpg\" srcset=\"http:\/\/mchead.net\/www_fotomo\/wp-content\/uploads\/2024\/02\/DSC_3326-300x200.jpg 300w,http:\/\/mchead.net\/www_fotomo\/wp-content\/uploads\/2024\/02\/DSC_3326-1024x682.jpg 1024w,http:\/\/mchead.net\/www_fotomo\/wp-content\/uploads\/2024\/02\/DSC_3326.jpg 1628w\" sizes=\"auto, 250px\"\/><\/a><\/div><div class=\"sgb-item\"><a href=\"http:\/\/mchead.net\/www_fotomo\/miminka\/dsc_33551\/\" target=\"_blank\"><img decoding=\"async\" alt=\"\" width=\"300\" height=\"232\" loading=\"lazy\" src=\"http:\/\/mchead.net\/www_fotomo\/wp-content\/uploads\/2024\/02\/DSC_33551-300x232.jpg\" srcset=\"http:\/\/mchead.net\/www_fotomo\/wp-content\/uploads\/2024\/02\/DSC_33551-300x232.jpg 300w,http:\/\/mchead.net\/www_fotomo\/wp-content\/uploads\/2024\/02\/DSC_33551-1024x793.jpg 1024w,http:\/\/mchead.net\/www_fotomo\/wp-content\/uploads\/2024\/02\/DSC_33551-scaled.jpg 2560w\" sizes=\"auto, 250px\"\/><\/a><\/div><\/div><\/div><script type=\"application\/json\" class=\"sgb-data\">{\"collectionthumbRoundedCorners\":10,\"galleryType\":\"pgc_sgb_masonry\",\"galleryId\":\"21637838\",\"images\":[{\"id\":237,\"title\":\"DSC_3140 (1)1\",\"url\":\"http:\/\/mchead.net\/www_fotomo\/wp-content\/uploads\/2024\/02\/DSC_3140-11-scaled.jpg\",\"link\":\"http:\/\/mchead.net\/www_fotomo\/miminka\/dsc_3140-11\/\",\"alt\":\"\",\"description\":\"\",\"caption\":\"\",\"mime\":\"image\/jpeg\",\"type\":\"image\",\"width\":2560,\"height\":1707,\"sizes\":{\"thumbnail\":{\"height\":150,\"width\":150,\"url\":\"http:\/\/mchead.net\/www_fotomo\/wp-content\/uploads\/2024\/02\/DSC_3140-11-150x150.jpg\",\"orientation\":\"landscape\"},\"medium\":{\"height\":200,\"width\":300,\"url\":\"http:\/\/mchead.net\/www_fotomo\/wp-content\/uploads\/2024\/02\/DSC_3140-11-300x200.jpg\",\"orientation\":\"landscape\"},\"large\":{\"height\":683,\"width\":1024,\"url\":\"http:\/\/mchead.net\/www_fotomo\/wp-content\/uploads\/2024\/02\/DSC_3140-11-1024x683.jpg\",\"orientation\":\"landscape\"},\"full\":{\"url\":\"http:\/\/mchead.net\/www_fotomo\/wp-content\/uploads\/2024\/02\/DSC_3140-11-scaled.jpg\",\"height\":1707,\"width\":2560,\"orientation\":\"landscape\"}},\"imageMeta\":{\"aperture\":\"2.8\",\"credit\":\"\",\"camera\":\"NIKON D500\",\"caption\":\"\",\"created_timestamp\":\"1691761752\",\"copyright\":\"\",\"focal_length\":\"26\",\"iso\":\"250\",\"shutter_speed\":\"0.0125\",\"title\":\"\",\"orientation\":\"0\",\"keywords\":[]},\"meta\":false,\"postlink\":\"http:\/\/mchead.net\/www_fotomo\/miminka\/dsc_3140-11\/\"},{\"id\":238,\"title\":\"DSC_3154\",\"url\":\"http:\/\/mchead.net\/www_fotomo\/wp-content\/uploads\/2024\/02\/DSC_3154-scaled.jpg\",\"link\":\"http:\/\/mchead.net\/www_fotomo\/miminka\/dsc_3154\/\",\"alt\":\"\",\"description\":\"\",\"caption\":\"\",\"mime\":\"image\/jpeg\",\"type\":\"image\",\"width\":2560,\"height\":1707,\"sizes\":{\"thumbnail\":{\"height\":150,\"width\":150,\"url\":\"http:\/\/mchead.net\/www_fotomo\/wp-content\/uploads\/2024\/02\/DSC_3154-150x150.jpg\",\"orientation\":\"landscape\"},\"medium\":{\"height\":200,\"width\":300,\"url\":\"http:\/\/mchead.net\/www_fotomo\/wp-content\/uploads\/2024\/02\/DSC_3154-300x200.jpg\",\"orientation\":\"landscape\"},\"large\":{\"height\":683,\"width\":1024,\"url\":\"http:\/\/mchead.net\/www_fotomo\/wp-content\/uploads\/2024\/02\/DSC_3154-1024x683.jpg\",\"orientation\":\"landscape\"},\"full\":{\"url\":\"http:\/\/mchead.net\/www_fotomo\/wp-content\/uploads\/2024\/02\/DSC_3154-scaled.jpg\",\"height\":1707,\"width\":2560,\"orientation\":\"landscape\"}},\"imageMeta\":{\"aperture\":\"2.8\",\"credit\":\"\",\"camera\":\"NIKON D500\",\"caption\":\"\",\"created_timestamp\":\"1691761973\",\"copyright\":\"\",\"focal_length\":\"46\",\"iso\":\"250\",\"shutter_speed\":\"0.0125\",\"title\":\"\",\"orientation\":\"0\",\"keywords\":[]},\"meta\":false,\"postlink\":\"http:\/\/mchead.net\/www_fotomo\/miminka\/dsc_3154\/\"},{\"id\":239,\"title\":\"DSC_3158\",\"url\":\"http:\/\/mchead.net\/www_fotomo\/wp-content\/uploads\/2024\/02\/DSC_3158-scaled.jpg\",\"link\":\"http:\/\/mchead.net\/www_fotomo\/miminka\/dsc_3158\/\",\"alt\":\"\",\"description\":\"\",\"caption\":\"\",\"mime\":\"image\/jpeg\",\"type\":\"image\",\"width\":2560,\"height\":1707,\"sizes\":{\"thumbnail\":{\"height\":150,\"width\":150,\"url\":\"http:\/\/mchead.net\/www_fotomo\/wp-content\/uploads\/2024\/02\/DSC_3158-150x150.jpg\",\"orientation\":\"landscape\"},\"medium\":{\"height\":200,\"width\":300,\"url\":\"http:\/\/mchead.net\/www_fotomo\/wp-content\/uploads\/2024\/02\/DSC_3158-300x200.jpg\",\"orientation\":\"landscape\"},\"large\":{\"height\":683,\"width\":1024,\"url\":\"http:\/\/mchead.net\/www_fotomo\/wp-content\/uploads\/2024\/02\/DSC_3158-1024x683.jpg\",\"orientation\":\"landscape\"},\"full\":{\"url\":\"http:\/\/mchead.net\/www_fotomo\/wp-content\/uploads\/2024\/02\/DSC_3158-scaled.jpg\",\"height\":1707,\"width\":2560,\"orientation\":\"landscape\"}},\"imageMeta\":{\"aperture\":\"2.8\",\"credit\":\"\",\"camera\":\"NIKON D500\",\"caption\":\"\",\"created_timestamp\":\"1691761975\",\"copyright\":\"\",\"focal_length\":\"46\",\"iso\":\"250\",\"shutter_speed\":\"0.0125\",\"title\":\"\",\"orientation\":\"0\",\"keywords\":[]},\"meta\":false,\"postlink\":\"http:\/\/mchead.net\/www_fotomo\/miminka\/dsc_3158\/\"},{\"id\":240,\"title\":\"DSC_3285\",\"url\":\"http:\/\/mchead.net\/www_fotomo\/wp-content\/uploads\/2024\/02\/DSC_3285-scaled.jpg\",\"link\":\"http:\/\/mchead.net\/www_fotomo\/miminka\/dsc_3285\/\",\"alt\":\"\",\"description\":\"\",\"caption\":\"\",\"mime\":\"image\/jpeg\",\"type\":\"image\",\"width\":1707,\"height\":2560,\"sizes\":{\"thumbnail\":{\"height\":150,\"width\":150,\"url\":\"http:\/\/mchead.net\/www_fotomo\/wp-content\/uploads\/2024\/02\/DSC_3285-150x150.jpg\",\"orientation\":\"landscape\"},\"medium\":{\"height\":300,\"width\":200,\"url\":\"http:\/\/mchead.net\/www_fotomo\/wp-content\/uploads\/2024\/02\/DSC_3285-200x300.jpg\",\"orientation\":\"portrait\"},\"large\":{\"height\":1024,\"width\":683,\"url\":\"http:\/\/mchead.net\/www_fotomo\/wp-content\/uploads\/2024\/02\/DSC_3285-683x1024.jpg\",\"orientation\":\"portrait\"},\"full\":{\"url\":\"http:\/\/mchead.net\/www_fotomo\/wp-content\/uploads\/2024\/02\/DSC_3285-scaled.jpg\",\"height\":2560,\"width\":1707,\"orientation\":\"portrait\"}},\"imageMeta\":{\"aperture\":\"2.8\",\"credit\":\"\",\"camera\":\"NIKON D500\",\"caption\":\"\",\"created_timestamp\":\"1691762586\",\"copyright\":\"\",\"focal_length\":\"40\",\"iso\":\"250\",\"shutter_speed\":\"0.0125\",\"title\":\"\",\"orientation\":\"0\",\"keywords\":[]},\"meta\":false,\"postlink\":\"http:\/\/mchead.net\/www_fotomo\/miminka\/dsc_3285\/\"},{\"id\":241,\"title\":\"DSC_3326 (1)\",\"url\":\"http:\/\/mchead.net\/www_fotomo\/wp-content\/uploads\/2024\/02\/DSC_3326-1-2-scaled.jpg\",\"link\":\"http:\/\/mchead.net\/www_fotomo\/miminka\/dsc_3326-1-2\/\",\"alt\":\"\",\"description\":\"\",\"caption\":\"\",\"mime\":\"image\/jpeg\",\"type\":\"image\",\"width\":2560,\"height\":2247,\"sizes\":{\"thumbnail\":{\"height\":150,\"width\":150,\"url\":\"http:\/\/mchead.net\/www_fotomo\/wp-content\/uploads\/2024\/02\/DSC_3326-1-2-150x150.jpg\",\"orientation\":\"landscape\"},\"medium\":{\"height\":263,\"width\":300,\"url\":\"http:\/\/mchead.net\/www_fotomo\/wp-content\/uploads\/2024\/02\/DSC_3326-1-2-300x263.jpg\",\"orientation\":\"landscape\"},\"large\":{\"height\":899,\"width\":1024,\"url\":\"http:\/\/mchead.net\/www_fotomo\/wp-content\/uploads\/2024\/02\/DSC_3326-1-2-1024x899.jpg\",\"orientation\":\"landscape\"},\"full\":{\"url\":\"http:\/\/mchead.net\/www_fotomo\/wp-content\/uploads\/2024\/02\/DSC_3326-1-2-scaled.jpg\",\"height\":2247,\"width\":2560,\"orientation\":\"landscape\"}},\"imageMeta\":{\"aperture\":\"2.8\",\"credit\":\"\",\"camera\":\"NIKON D500\",\"caption\":\"\",\"created_timestamp\":\"1691765833\",\"copyright\":\"\",\"focal_length\":\"29\",\"iso\":\"250\",\"shutter_speed\":\"0.0125\",\"title\":\"\",\"orientation\":\"0\",\"keywords\":[]},\"meta\":false,\"postlink\":\"http:\/\/mchead.net\/www_fotomo\/miminka\/dsc_3326-1-2\/\"},{\"id\":242,\"title\":\"DSC_3326\",\"url\":\"http:\/\/mchead.net\/www_fotomo\/wp-content\/uploads\/2024\/02\/DSC_3326.jpg\",\"link\":\"http:\/\/mchead.net\/www_fotomo\/miminka\/dsc_3326\/\",\"alt\":\"\",\"description\":\"\",\"caption\":\"\",\"mime\":\"image\/jpeg\",\"type\":\"image\",\"width\":1628,\"height\":1085,\"sizes\":{\"thumbnail\":{\"height\":150,\"width\":150,\"url\":\"http:\/\/mchead.net\/www_fotomo\/wp-content\/uploads\/2024\/02\/DSC_3326-150x150.jpg\",\"orientation\":\"landscape\"},\"medium\":{\"height\":200,\"width\":300,\"url\":\"http:\/\/mchead.net\/www_fotomo\/wp-content\/uploads\/2024\/02\/DSC_3326-300x200.jpg\",\"orientation\":\"landscape\"},\"large\":{\"height\":682,\"width\":1024,\"url\":\"http:\/\/mchead.net\/www_fotomo\/wp-content\/uploads\/2024\/02\/DSC_3326-1024x682.jpg\",\"orientation\":\"landscape\"},\"full\":{\"url\":\"http:\/\/mchead.net\/www_fotomo\/wp-content\/uploads\/2024\/02\/DSC_3326.jpg\",\"height\":1085,\"width\":1628,\"orientation\":\"landscape\"}},\"imageMeta\":{\"aperture\":\"2.8\",\"credit\":\"\",\"camera\":\"NIKON D500\",\"caption\":\"\",\"created_timestamp\":\"1691765833\",\"copyright\":\"\",\"focal_length\":\"29\",\"iso\":\"250\",\"shutter_speed\":\"0.0125\",\"title\":\"\",\"orientation\":\"0\",\"keywords\":[]},\"meta\":false,\"postlink\":\"http:\/\/mchead.net\/www_fotomo\/miminka\/dsc_3326\/\"},{\"id\":243,\"title\":\"DSC_33551\",\"url\":\"http:\/\/mchead.net\/www_fotomo\/wp-content\/uploads\/2024\/02\/DSC_33551-scaled.jpg\",\"link\":\"http:\/\/mchead.net\/www_fotomo\/miminka\/dsc_33551\/\",\"alt\":\"\",\"description\":\"\",\"caption\":\"\",\"mime\":\"image\/jpeg\",\"type\":\"image\",\"width\":2560,\"height\":1983,\"sizes\":{\"thumbnail\":{\"height\":150,\"width\":150,\"url\":\"http:\/\/mchead.net\/www_fotomo\/wp-content\/uploads\/2024\/02\/DSC_33551-150x150.jpg\",\"orientation\":\"landscape\"},\"medium\":{\"height\":232,\"width\":300,\"url\":\"http:\/\/mchead.net\/www_fotomo\/wp-content\/uploads\/2024\/02\/DSC_33551-300x232.jpg\",\"orientation\":\"landscape\"},\"large\":{\"height\":793,\"width\":1024,\"url\":\"http:\/\/mchead.net\/www_fotomo\/wp-content\/uploads\/2024\/02\/DSC_33551-1024x793.jpg\",\"orientation\":\"landscape\"},\"full\":{\"url\":\"http:\/\/mchead.net\/www_fotomo\/wp-content\/uploads\/2024\/02\/DSC_33551-scaled.jpg\",\"height\":1983,\"width\":2560,\"orientation\":\"landscape\"}},\"imageMeta\":{\"aperture\":\"2.8\",\"credit\":\"\",\"camera\":\"NIKON D500\",\"caption\":\"\",\"created_timestamp\":\"1691765944\",\"copyright\":\"\",\"focal_length\":\"24\",\"iso\":\"250\",\"shutter_speed\":\"0.0125\",\"title\":\"\",\"orientation\":\"0\",\"keywords\":[]},\"meta\":false,\"postlink\":\"http:\/\/mchead.net\/www_fotomo\/miminka\/dsc_33551\/\"}],\"className\":\"container\",\"itemsMetaDataCollection\":[]}<\/script><script>(function(){if(window.PGC_SGB && window.PGC_SGB.searcher){window.PGC_SGB.searcher.initBlocks()}})()<\/script><\/div>\n\n\n<div style=\"height:100px\" aria-hidden=\"true\" class=\"wp-block-spacer\"><\/div>\n","protected":false},"excerpt":{"rendered":"<p>Nov\u00fd p\u0159\u00edr\u016fstek do rodiny je zvl\u00e1\u0161tn\u00ed ud\u00e1lost\u00ed, kter\u00e1 si zaslou\u017e\u00ed zvl\u00e1\u0161tn\u00ed pam\u00e1tku. Prvn\u00ed chv\u00edle va\u0161eho nov\u00e9ho \u010dlena rodiny zachyt\u00edm tak, abyste si je mohli nav\u017edy pamatovat.<\/p>\n","protected":false},"author":1,"featured_media":0,"parent":0,"menu_order":0,"comment_status":"closed","ping_status":"closed","template":"","meta":{"pgc_sgb_lightbox_settings":"","footnotes":""},"class_list":["post-236","page","type-page","status-publish","hentry"],"_links":{"self":[{"href":"http:\/\/mchead.net\/www_fotomo\/wp-json\/wp\/v2\/pages\/236","targetHints":{"allow":["GET"]}}],"collection":[{"href":"http:\/\/mchead.net\/www_fotomo\/wp-json\/wp\/v2\/pages"}],"about":[{"href":"http:\/\/mchead.net\/www_fotomo\/wp-json\/wp\/v2\/types\/page"}],"author":[{"embeddable":true,"href":"http:\/\/mchead.net\/www_fotomo\/wp-json\/wp\/v2\/users\/1"}],"replies":[{"embeddable":true,"href":"http:\/\/mchead.net\/www_fotomo\/wp-json\/wp\/v2\/comments?post=236"}],"version-history":[{"count":8,"href":"http:\/\/mchead.net\/www_fotomo\/wp-json\/wp\/v2\/pages\/236\/revisions"}],"predecessor-version":[{"id":276,"href":"http:\/\/mchead.net\/www_fotomo\/wp-json\/wp\/v2\/pages\/236\/revisions\/276"}],"wp:attachment":[{"href":"http:\/\/mchead.net\/www_fotomo\/wp-json\/wp\/v2\/media?parent=236"}],"curies":[{"name":"wp","href":"https:\/\/api.w.org\/{rel}","templated":true}]}}