{"id":77,"date":"2024-02-21T20:00:53","date_gmt":"2024-02-21T19:00:53","guid":{"rendered":"http:\/\/mchead.net\/www_fotomo\/?page_id=77"},"modified":"2024-03-09T12:09:55","modified_gmt":"2024-03-09T11:09:55","slug":"fotografie","status":"publish","type":"page","link":"http:\/\/mchead.net\/www_fotomo\/","title":{"rendered":"Fotografie"},"content":{"rendered":"\n<p class=\"has-text-align-center\">To jsou va\u0161e vzpom\u00ednky, vzpom\u00ednky, kter\u00e9 si budete moci kdykoli prohl\u00e9dnout<\/p>\n\n\n\n<p class=\"has-text-align-center\">Zachyt\u00edm okam\u017eiky va\u0161eho \u0161t\u011bst\u00ed, radosti a l\u00e1sky.<\/p>\n\n\n\n<div class=\"wp-block-columns is-layout-flex wp-container-core-columns-is-layout-9d6595d7 wp-block-columns-is-layout-flex\">\n<div class=\"wp-block-column is-layout-flow wp-block-column-is-layout-flow\"><\/div>\n\n\n\n<div class=\"wp-block-column is-layout-flow wp-block-column-is-layout-flow\">\n<div class=\"wp-block-buttons is-content-justification-center is-layout-flex wp-container-core-buttons-is-layout-16018d1d wp-block-buttons-is-layout-flex\">\n<div class=\"wp-block-button button-uvod\"><a class=\"wp-block-button__link wp-element-button\" href=\"http:\/\/mchead.net\/www_fotomo\/kontakt\/\">Kontakt<\/a><\/div>\n<\/div>\n<\/div>\n\n\n\n<div class=\"wp-block-column is-layout-flow wp-block-column-is-layout-flow\"><\/div>\n<\/div>\n\n\n<div class=\"wp-block-image is-style-rounded-fotomo is-style-default\">\n<figure class=\"aligncenter size-full is-resized\"><img loading=\"lazy\" decoding=\"async\" width=\"2560\" height=\"1709\" src=\"http:\/\/mchead.net\/www_fotomo\/wp-content\/uploads\/2024\/02\/DS6_7825-Edit-scaled.jpg\" alt=\"\" class=\"wp-image-14\" style=\"width:1200px\" srcset=\"http:\/\/mchead.net\/www_fotomo\/wp-content\/uploads\/2024\/02\/DS6_7825-Edit-scaled.jpg 2560w, http:\/\/mchead.net\/www_fotomo\/wp-content\/uploads\/2024\/02\/DS6_7825-Edit-300x200.jpg 300w, http:\/\/mchead.net\/www_fotomo\/wp-content\/uploads\/2024\/02\/DS6_7825-Edit-1024x684.jpg 1024w, http:\/\/mchead.net\/www_fotomo\/wp-content\/uploads\/2024\/02\/DS6_7825-Edit-768x513.jpg 768w, http:\/\/mchead.net\/www_fotomo\/wp-content\/uploads\/2024\/02\/DS6_7825-Edit-1536x1025.jpg 1536w, http:\/\/mchead.net\/www_fotomo\/wp-content\/uploads\/2024\/02\/DS6_7825-Edit-2048x1367.jpg 2048w\" sizes=\"auto, (max-width: 2560px) 100vw, 2560px\" \/><\/figure>\n<\/div>\n\n\n<div style=\"height:100px\" aria-hidden=\"true\" class=\"wp-block-spacer\"><\/div>\n\n\n\n<blockquote class=\"wp-block-quote has-text-align-center is-style-plain has-white-color has-black-background-color has-text-color has-background has-link-color has-large-font-size wp-elements-5649bbdb7f05819bf079c0f857f587b2 is-layout-flow wp-block-quote-is-layout-flow\" style=\"font-style:normal;font-weight:100\">\n<div style=\"height:100px\" aria-hidden=\"true\" class=\"wp-block-spacer\"><\/div>\n\n\n\n<p class=\"has-x-large-font-size\"><em>\u201cFotografie zachyt\u00ed okam\u017eik, kter\u00fd m\u016f\u017ee p\u0159e\u010dkat v\u011b\u010dnost.\u201d<\/em><\/p>\n\n\n\n<div style=\"height:100px\" aria-hidden=\"true\" class=\"wp-block-spacer\"><\/div>\n<\/blockquote>\n\n\n\n<div style=\"height:100px\" aria-hidden=\"true\" class=\"wp-block-spacer\"><\/div>\n\n\n\n<div class=\"wp-block-group has-background is-vertical is-content-justification-center is-layout-flex wp-container-core-group-is-layout-4b2eccd6 wp-block-group-is-layout-flex\" style=\"background-color:#d7d7d7\">\n<div class=\"wp-block-group container is-vertical is-layout-flex wp-container-core-group-is-layout-8cf370e7 wp-block-group-is-layout-flex\">\n<div class=\"wp-block-group container is-vertical is-content-justification-center is-layout-flex wp-container-core-group-is-layout-4b2eccd6 wp-block-group-is-layout-flex\">\n<div class=\"wp-block-group container is-vertical is-content-justification-center is-layout-flex wp-container-core-group-is-layout-4b2eccd6 wp-block-group-is-layout-flex\">\n<div style=\"height:0px\" aria-hidden=\"true\" class=\"wp-block-spacer wp-container-content-6388d5dc\"><\/div>\n\n\n\n<div class=\"wp-block-group is-vertical is-content-justification-center is-layout-flex wp-container-core-group-is-layout-4b2eccd6 wp-block-group-is-layout-flex\">\n<div class=\"wp-block-media-text has-media-on-the-right is-stacked-on-mobile is-style-rounded-fotomo\"><div class=\"wp-block-media-text__content\">\n<h2 class=\"wp-block-heading\"><strong>Portr\u00e9tn\u00ed fotografie<\/strong><\/h2>\n\n\n\n<p>Vytvo\u0159\u00edm pro v\u00e1s portr\u00e9ty, kter\u00e9 zachyt\u00ed va\u0161i osobnost a kr\u00e1su. Pomohu v\u00e1m c\u00edtit se pohodln\u011b p\u0159ed objektivem a vytvo\u0159\u00edm sn\u00edmky, kter\u00e9 budou vyza\u0159ovat va\u0161i jedine\u010dnost.<\/p>\n<\/div><figure class=\"wp-block-media-text__media\"><img loading=\"lazy\" decoding=\"async\" width=\"300\" height=\"200\" src=\"http:\/\/mchead.net\/www_fotomo\/wp-content\/uploads\/2024\/02\/DS6_7494-kopie-1-300x200.jpg\" alt=\"\" class=\"wp-image-53 size-medium\" srcset=\"http:\/\/mchead.net\/www_fotomo\/wp-content\/uploads\/2024\/02\/DS6_7494-kopie-1-300x200.jpg 300w, http:\/\/mchead.net\/www_fotomo\/wp-content\/uploads\/2024\/02\/DS6_7494-kopie-1-1024x684.jpg 1024w, http:\/\/mchead.net\/www_fotomo\/wp-content\/uploads\/2024\/02\/DS6_7494-kopie-1-768x513.jpg 768w, http:\/\/mchead.net\/www_fotomo\/wp-content\/uploads\/2024\/02\/DS6_7494-kopie-1-1536x1025.jpg 1536w, http:\/\/mchead.net\/www_fotomo\/wp-content\/uploads\/2024\/02\/DS6_7494-kopie-1-2048x1367.jpg 2048w\" sizes=\"auto, (max-width: 300px) 100vw, 300px\" \/><\/figure><\/div>\n<\/div>\n\n\n\n<div class=\"wp-block-media-text is-stacked-on-mobile is-style-rounded-fotomo\"><figure class=\"wp-block-media-text__media\"><img loading=\"lazy\" decoding=\"async\" width=\"1024\" height=\"739\" src=\"http:\/\/mchead.net\/www_fotomo\/wp-content\/uploads\/2024\/02\/DS6_9698-Edit-1024x739.jpg\" alt=\"\" class=\"wp-image-17 size-full\" srcset=\"http:\/\/mchead.net\/www_fotomo\/wp-content\/uploads\/2024\/02\/DS6_9698-Edit-1024x739.jpg 1024w, http:\/\/mchead.net\/www_fotomo\/wp-content\/uploads\/2024\/02\/DS6_9698-Edit-300x217.jpg 300w, http:\/\/mchead.net\/www_fotomo\/wp-content\/uploads\/2024\/02\/DS6_9698-Edit-768x555.jpg 768w, http:\/\/mchead.net\/www_fotomo\/wp-content\/uploads\/2024\/02\/DS6_9698-Edit-1536x1109.jpg 1536w, http:\/\/mchead.net\/www_fotomo\/wp-content\/uploads\/2024\/02\/DS6_9698-Edit-2048x1479.jpg 2048w\" sizes=\"auto, (max-width: 1024px) 100vw, 1024px\" \/><\/figure><div class=\"wp-block-media-text__content\">\n<h2 class=\"wp-block-heading\"><strong>Rodinn\u00e9 a p\u00e1rov\u00e9 focen\u00ed<\/strong><\/h2>\n\n\n\n<p>Rodinn\u00e9 a p\u00e1rov\u00e9 fotografie jsou neocenitelnou pam\u00e1tkou na va\u0161e nejbli\u017e\u0161\u00ed vztahy a milovan\u00e9 osoby. Pom\u016f\u017eu v\u00e1m vytvo\u0159it neposedn\u00e9 a \u017eiv\u00e9 sn\u00edmky pln\u00e9 l\u00e1sky a radosti.<\/p>\n<\/div><\/div>\n\n\n\n<div class=\"wp-block-columns is-style-rounded-fotomo is-layout-flex wp-container-core-columns-is-layout-9d6595d7 wp-block-columns-is-layout-flex\">\n<div class=\"wp-block-column is-layout-flow wp-block-column-is-layout-flow\" style=\"flex-basis:51%\">\n<h2 class=\"wp-block-heading\"><strong>Svatby<\/strong><\/h2>\n\n\n\n<p>Svatebn\u00ed den je jedn\u00edm z nejv\u00fdznamn\u011bj\u0161\u00edch okam\u017eik\u016f va\u0161eho \u017eivota. Uchov\u00e1me jej d\u00edky zachycen\u00e9mu okam\u017eiku radostn\u00e9ho \u00fasm\u011bvu a romantick\u00e9 atmosf\u00e9ry va\u0161eho velk\u00e9ho dne.<\/p>\n<\/div>\n\n\n\n<div class=\"wp-block-column is-layout-flow wp-block-column-is-layout-flow\" style=\"flex-basis:49%\">\n<figure class=\"wp-block-image\"><img loading=\"lazy\" decoding=\"async\" width=\"1024\" height=\"683\" src=\"http:\/\/mchead.net\/www_fotomo\/wp-content\/uploads\/2024\/02\/DSC_8725-1-1024x683.jpg\" alt=\"\" class=\"wp-image-108\" srcset=\"http:\/\/mchead.net\/www_fotomo\/wp-content\/uploads\/2024\/02\/DSC_8725-1-1024x683.jpg 1024w, http:\/\/mchead.net\/www_fotomo\/wp-content\/uploads\/2024\/02\/DSC_8725-1-300x200.jpg 300w, http:\/\/mchead.net\/www_fotomo\/wp-content\/uploads\/2024\/02\/DSC_8725-1-768x512.jpg 768w, http:\/\/mchead.net\/www_fotomo\/wp-content\/uploads\/2024\/02\/DSC_8725-1-1536x1024.jpg 1536w, http:\/\/mchead.net\/www_fotomo\/wp-content\/uploads\/2024\/02\/DSC_8725-1-2048x1365.jpg 2048w, http:\/\/mchead.net\/www_fotomo\/wp-content\/uploads\/2024\/02\/DSC_8725-1-1568x1045.jpg 1568w\" sizes=\"auto, (max-width: 1024px) 100vw, 1024px\" \/><\/figure>\n<\/div>\n<\/div>\n\n\n\n<div class=\"wp-block-media-text is-stacked-on-mobile is-style-rounded-fotomo\"><figure class=\"wp-block-media-text__media\"><img loading=\"lazy\" decoding=\"async\" width=\"946\" height=\"1024\" src=\"http:\/\/mchead.net\/www_fotomo\/wp-content\/uploads\/2024\/03\/DS6_0658-Editodraz-1-946x1024.jpg\" alt=\"\" class=\"wp-image-301 size-full\" srcset=\"http:\/\/mchead.net\/www_fotomo\/wp-content\/uploads\/2024\/03\/DS6_0658-Editodraz-1-946x1024.jpg 946w, http:\/\/mchead.net\/www_fotomo\/wp-content\/uploads\/2024\/03\/DS6_0658-Editodraz-1-277x300.jpg 277w, http:\/\/mchead.net\/www_fotomo\/wp-content\/uploads\/2024\/03\/DS6_0658-Editodraz-1-768x831.jpg 768w, http:\/\/mchead.net\/www_fotomo\/wp-content\/uploads\/2024\/03\/DS6_0658-Editodraz-1-1419x1536.jpg 1419w, http:\/\/mchead.net\/www_fotomo\/wp-content\/uploads\/2024\/03\/DS6_0658-Editodraz-1-1893x2048.jpg 1893w, http:\/\/mchead.net\/www_fotomo\/wp-content\/uploads\/2024\/03\/DS6_0658-Editodraz-1-1568x1697.jpg 1568w\" sizes=\"auto, (max-width: 946px) 100vw, 946px\" \/><\/figure><div class=\"wp-block-media-text__content\">\n<h2 class=\"wp-block-heading\">T\u011bhulky<\/h2>\n\n\n\n<p>M\u016f\u017eeme spolu zachytit, t\u011bch kr\u00e1sn\u00fdch dev\u011bt m\u011bs\u00edc\u016f \u010dek\u00e1n\u00ed na v\u00e1\u0161 uzl\u00ed\u010dek\u00a0\u0161t\u011bst\u00ed.<\/p>\n<\/div><\/div>\n\n\n\n<div class=\"wp-block-media-text has-media-on-the-right is-stacked-on-mobile is-style-rounded-fotomo\"><div class=\"wp-block-media-text__content\">\n<h2 class=\"wp-block-heading\"><strong><strong>Miminka<\/strong><\/strong><\/h2>\n\n\n\n<p>Nov\u00fd p\u0159\u00edr\u016fstek do rodiny je zvl\u00e1\u0161tn\u00ed ud\u00e1lost\u00ed, kter\u00e1 si zaslou\u017e\u00ed zvl\u00e1\u0161tn\u00ed pam\u00e1tku. Prvn\u00ed chv\u00edle va\u0161eho nov\u00e9ho \u010dlena rodiny zachyt\u00edm tak, abyste si je mohli nav\u017edy pamatovat.<\/p>\n<\/div><figure class=\"wp-block-media-text__media\"><img loading=\"lazy\" decoding=\"async\" width=\"1024\" height=\"899\" src=\"http:\/\/mchead.net\/www_fotomo\/wp-content\/uploads\/2024\/02\/DSC_3326-1-1-1024x899.jpg\" alt=\"\" class=\"wp-image-110 size-full\" srcset=\"http:\/\/mchead.net\/www_fotomo\/wp-content\/uploads\/2024\/02\/DSC_3326-1-1-1024x899.jpg 1024w, http:\/\/mchead.net\/www_fotomo\/wp-content\/uploads\/2024\/02\/DSC_3326-1-1-300x263.jpg 300w, http:\/\/mchead.net\/www_fotomo\/wp-content\/uploads\/2024\/02\/DSC_3326-1-1-768x674.jpg 768w, http:\/\/mchead.net\/www_fotomo\/wp-content\/uploads\/2024\/02\/DSC_3326-1-1-1536x1348.jpg 1536w, http:\/\/mchead.net\/www_fotomo\/wp-content\/uploads\/2024\/02\/DSC_3326-1-1-2048x1798.jpg 2048w, http:\/\/mchead.net\/www_fotomo\/wp-content\/uploads\/2024\/02\/DSC_3326-1-1-1568x1376.jpg 1568w\" sizes=\"auto, (max-width: 1024px) 100vw, 1024px\" \/><\/figure><\/div>\n\n\n\n<div style=\"height:0px\" aria-hidden=\"true\" class=\"wp-block-spacer wp-container-content-6388d5dc\"><\/div>\n<\/div>\n<\/div>\n<\/div>\n<\/div>\n\n\n\n<div style=\"height:100px\" aria-hidden=\"true\" class=\"wp-block-spacer\"><\/div>\n","protected":false},"excerpt":{"rendered":"<p>To jsou va\u0161e vzpom\u00ednky, vzpom\u00ednky, kter\u00e9 si budete moci kdykoli prohl\u00e9dnout Zachyt\u00edm okam\u017eiky va\u0161eho \u0161t\u011bst\u00ed, radosti a l\u00e1sky. Portr\u00e9tn\u00ed fotografie Vytvo\u0159\u00edm pro v\u00e1s portr\u00e9ty, kter\u00e9 zachyt\u00ed va\u0161i osobnost a kr\u00e1su. Pomohu v\u00e1m c\u00edtit se pohodln\u011b p\u0159ed objektivem a vytvo\u0159\u00edm sn\u00edmky, kter\u00e9 budou vyza\u0159ovat va\u0161i jedine\u010dnost. Rodinn\u00e9 a p\u00e1rov\u00e9 focen\u00ed Rodinn\u00e9 a p\u00e1rov\u00e9 fotografie jsou neocenitelnou [&hellip;]<\/p>\n","protected":false},"author":1,"featured_media":0,"parent":0,"menu_order":0,"comment_status":"closed","ping_status":"closed","template":"","meta":{"pgc_sgb_lightbox_settings":"","footnotes":""},"class_list":["post-77","page","type-page","status-publish","hentry"],"_links":{"self":[{"href":"http:\/\/mchead.net\/www_fotomo\/wp-json\/wp\/v2\/pages\/77","targetHints":{"allow":["GET"]}}],"collection":[{"href":"http:\/\/mchead.net\/www_fotomo\/wp-json\/wp\/v2\/pages"}],"about":[{"href":"http:\/\/mchead.net\/www_fotomo\/wp-json\/wp\/v2\/types\/page"}],"author":[{"embeddable":true,"href":"http:\/\/mchead.net\/www_fotomo\/wp-json\/wp\/v2\/users\/1"}],"replies":[{"embeddable":true,"href":"http:\/\/mchead.net\/www_fotomo\/wp-json\/wp\/v2\/comments?post=77"}],"version-history":[{"count":60,"href":"http:\/\/mchead.net\/www_fotomo\/wp-json\/wp\/v2\/pages\/77\/revisions"}],"predecessor-version":[{"id":308,"href":"http:\/\/mchead.net\/www_fotomo\/wp-json\/wp\/v2\/pages\/77\/revisions\/308"}],"wp:attachment":[{"href":"http:\/\/mchead.net\/www_fotomo\/wp-json\/wp\/v2\/media?parent=77"}],"curies":[{"name":"wp","href":"https:\/\/api.w.org\/{rel}","templated":true}]}}