{"id":81,"date":"2024-02-21T21:53:06","date_gmt":"2024-02-21T20:53:06","guid":{"rendered":"http:\/\/mchead.net\/www_fotomo\/?page_id=81"},"modified":"2024-03-09T11:42:55","modified_gmt":"2024-03-09T10:42:55","slug":"cenik-sluzeb","status":"publish","type":"page","link":"http:\/\/mchead.net\/www_fotomo\/cenik-sluzeb\/","title":{"rendered":"Cen\u00edk slu\u017eeb"},"content":{"rendered":"\n<div class=\"wp-block-group container is-vertical is-content-justification-left is-layout-flex wp-container-core-group-is-layout-c0ca7d81 wp-block-group-is-layout-flex\">\n<h2 class=\"wp-block-heading\"><strong><strong>Portr\u00e9t, p\u00e1rov\u00e9 a t\u011bhulky<\/strong><\/strong><\/h2>\n\n\n\n<figure class=\"wp-block-table\"><table><tbody><tr><td>doba focen\u00ed cca 30 minut<\/td><td>5 upraven\u00fdch fotek<\/td><td>1000,-<\/td><\/tr><tr><td>doba focen\u00ed 1 a\u017e 1,5hod.<\/td><td>10 upraven\u00fdch fotek<\/td><td>1700,-<\/td><\/tr><tr><td>doba focen\u00ed 1 a\u017e 1,5hod.<\/td><td>20 upraven\u00fdch fotek<\/td><td>3000,-<\/td><\/tr><\/tbody><\/table><\/figure>\n\n\n\n<h2 class=\"wp-block-heading\">Focen\u00ed miminek<\/h2>\n\n\n\n<figure class=\"wp-block-table\"><table><tbody><tr><td>Bez \u010dasov\u00e9ho omezen\u00ed<\/td><td>3000,-<\/td><\/tr><\/tbody><\/table><\/figure>\n\n\n\n<h2 class=\"wp-block-heading\"><strong>Svatebn\u00ed focen\u00ed<\/strong><\/h2>\n\n\n\n<figure class=\"wp-block-table\"><table><tbody><tr><td>doba focen\u00ed 3-4 hodiny<\/td><td>50 fotek<\/td><td>6000,-<\/td><\/tr><tr><td>doba focen\u00ed 6-7 hodiny<\/td><td>100 fotek<\/td><td>9900,-<\/td><\/tr><tr><td>doba focen\u00ed cca 9 hodin<\/td><td>150 fotek<\/td><td>12000,-<\/td><\/tr><\/tbody><\/table><\/figure>\n\n\n\n<p><\/p>\n\n\n\n<ul class=\"wp-block-list\">\n<li>fotky zas\u00edl\u00e1m v&nbsp;elektronick\u00e9 podob\u011b<\/li>\n\n\n\n<li>fotky dostanete k&nbsp;v\u00fdb\u011bru p\u0159es web, kde si za\u0161krtnete v\u00e1mi vybran\u00e9 fotografie<\/li>\n\n\n\n<li>n\u00e1hledy do 1 t\u00fddne, upraven\u00e9 fotky pak do 14 dn\u016f od va\u0161eho v\u00fdb\u011bru<\/li>\n\n\n\n<li>cena je splatn\u00e1 v\u00a0den focen\u00ed<\/li>\n<\/ul>\n\n\n\n<p><\/p>\n\n\n\n<div style=\"height:0px\" aria-hidden=\"true\" class=\"wp-block-spacer wp-container-content-6388d5dc\"><\/div>\n<\/div>\n","protected":false},"excerpt":{"rendered":"<p>Portr\u00e9t, p\u00e1rov\u00e9 a t\u011bhulky doba focen\u00ed cca 30 minut 5 upraven\u00fdch fotek 1000,- doba focen\u00ed 1 a\u017e 1,5hod. 10 upraven\u00fdch fotek 1700,- doba focen\u00ed 1 a\u017e 1,5hod. 20 upraven\u00fdch fotek 3000,- Focen\u00ed miminek Bez \u010dasov\u00e9ho omezen\u00ed 3000,- Svatebn\u00ed focen\u00ed doba focen\u00ed 3-4 hodiny 50 fotek 6000,- doba focen\u00ed 6-7 hodiny 100 fotek 9900,- doba focen\u00ed [&hellip;]<\/p>\n","protected":false},"author":1,"featured_media":0,"parent":0,"menu_order":0,"comment_status":"closed","ping_status":"closed","template":"","meta":{"pgc_sgb_lightbox_settings":"","footnotes":""},"class_list":["post-81","page","type-page","status-publish","hentry"],"_links":{"self":[{"href":"http:\/\/mchead.net\/www_fotomo\/wp-json\/wp\/v2\/pages\/81","targetHints":{"allow":["GET"]}}],"collection":[{"href":"http:\/\/mchead.net\/www_fotomo\/wp-json\/wp\/v2\/pages"}],"about":[{"href":"http:\/\/mchead.net\/www_fotomo\/wp-json\/wp\/v2\/types\/page"}],"author":[{"embeddable":true,"href":"http:\/\/mchead.net\/www_fotomo\/wp-json\/wp\/v2\/users\/1"}],"replies":[{"embeddable":true,"href":"http:\/\/mchead.net\/www_fotomo\/wp-json\/wp\/v2\/comments?post=81"}],"version-history":[{"count":15,"href":"http:\/\/mchead.net\/www_fotomo\/wp-json\/wp\/v2\/pages\/81\/revisions"}],"predecessor-version":[{"id":293,"href":"http:\/\/mchead.net\/www_fotomo\/wp-json\/wp\/v2\/pages\/81\/revisions\/293"}],"wp:attachment":[{"href":"http:\/\/mchead.net\/www_fotomo\/wp-json\/wp\/v2\/media?parent=81"}],"curies":[{"name":"wp","href":"https:\/\/api.w.org\/{rel}","templated":true}]}}