{"id":12,"date":"2022-01-12T20:28:41","date_gmt":"2022-01-12T19:28:41","guid":{"rendered":"http:\/\/mchead.net\/www_sias\/?page_id=12"},"modified":"2022-01-26T20:34:54","modified_gmt":"2022-01-26T19:34:54","slug":"kontakt","status":"publish","type":"page","link":"http:\/\/mchead.net\/www_sias\/kontakt\/","title":{"rendered":"Kontakt"},"content":{"rendered":"\n<div class=\"wp-block-columns is-layout-flex wp-container-core-columns-is-layout-9d6595d7 wp-block-columns-is-layout-flex\">\n<div class=\"wp-block-column is-layout-flow wp-block-column-is-layout-flow\">\n<h3 class=\"wp-block-heading\" id=\"ing-rostislav-postulka\">Ing. Rostislav Postulka<\/h3>\n\n\n\n<p>Jednatel spole\u010dnosti<\/p>\n\n\n\n<p><strong>Tel.:<\/strong>&nbsp;+420 777 748 040<br><strong>E-mail:<\/strong>&nbsp;sias@sias.cz<\/p>\n<\/div>\n\n\n\n<div class=\"wp-block-column is-layout-flow wp-block-column-is-layout-flow\">\n<h3 class=\"wp-block-heading\" id=\"radek-postulka\">Radek Postulka<\/h3>\n\n\n\n<p>Stavebn\u00ed technik<\/p>\n\n\n\n<p><strong>Tel.:<\/strong>&nbsp;+420 777 748 041<br><strong>E-mail:<\/strong>&nbsp;radek.p@sias.cz<\/p>\n<\/div>\n\n\n\n<div class=\"wp-block-column is-layout-flow wp-block-column-is-layout-flow\">\n<h3 class=\"wp-block-heading\">\u00a0<\/h3>\n\n\n\n<p>Sekretari\u00e1t<\/p>\n\n\n\n<p><strong>Tel.:<\/strong>&nbsp;+420 777 748 042<br><strong>E-mail:<\/strong>&nbsp;sekretariat@sias.cz<\/p>\n<\/div>\n<\/div>\n\n\n\n<h3 class=\"wp-block-heading\" id=\"sidlo-spolecnosti\">S\u00eddlo spole\u010dnosti<\/h3>\n\n\n\n<p>SIAS OPAVA, spol. s r.o.<\/p>\n\n\n\n<p>I\u010cO: 49609025<br>DI\u010c: CZ49609025<\/p>\n\n\n\n<p>Pekliska 40<br>Velk\u00e9 Ho\u0161tice<br>747 31<\/p>\n\n\n\n<h2 class=\"wp-block-heading\" id=\"mapa\">Mapa<\/h2>\n\n\n\n<iframe loading=\"lazy\" class=\"map\" src=\"https:\/\/www.google.com\/maps\/embed?pb=!1m18!1m12!1m3!1d2567.955815710864!2d17.97207931589771!3d49.937170332095974!2m3!1f0!2f0!3f0!3m2!1i1024!2i768!4f13.1!3m3!1m2!1s0x4713d8a6b362e783%3A0x8735574572c18337!2sSIAS+OPAVA%2C+spol.+s+r.o.!5e0!3m2!1scs!2scz!4v1531915454512\" width=\"100%\" height=\"300\" frameborder=\"0\" style=\"border:0\" allowfullscreen=\"\"><\/iframe>\n\n\n\n<h2 class=\"wp-block-heading\" id=\"kontaktujte-nas\">Kontaktujte n\u00e1s<\/h2>\n\n\n\n<div class=\"wp-block-contact-form-7-contact-form-selector\"><div role=\"form\" class=\"wpcf7\" id=\"wpcf7-f11-o1\" lang=\"cs-CZ\" dir=\"ltr\">\n<div class=\"screen-reader-response\"><p role=\"status\" aria-live=\"polite\" aria-atomic=\"true\"><\/p> <ul><\/ul><\/div>\n<form action=\"\/www_sias\/wp-json\/wp\/v2\/pages\/12#wpcf7-f11-o1\" method=\"post\" class=\"wpcf7-form init\" novalidate=\"novalidate\" data-status=\"init\">\n<div style=\"display: none;\">\n<input type=\"hidden\" name=\"_wpcf7\" value=\"11\" \/>\n<input type=\"hidden\" name=\"_wpcf7_version\" value=\"5.5.4\" \/>\n<input type=\"hidden\" name=\"_wpcf7_locale\" value=\"cs_CZ\" \/>\n<input type=\"hidden\" name=\"_wpcf7_unit_tag\" value=\"wpcf7-f11-o1\" \/>\n<input type=\"hidden\" name=\"_wpcf7_container_post\" value=\"0\" \/>\n<input type=\"hidden\" name=\"_wpcf7_posted_data_hash\" value=\"\" \/>\n<\/div>\n<div class=\"row\">\n<div class=\"col-md-4\">\n    <span class=\"wpcf7-form-control-wrap your-name\"><input type=\"text\" name=\"your-name\" value=\"\" size=\"40\" class=\"wpcf7-form-control wpcf7-text wpcf7-validates-as-required form-control\" aria-required=\"true\" aria-invalid=\"false\" placeholder=\"Jm\u00e9no (vy\u017eadov\u00e1no)\" \/><\/span>\n  <\/div>\n<div class=\"col-md-4\">\n    <span class=\"wpcf7-form-control-wrap your-email\"><input type=\"email\" name=\"your-email\" value=\"\" size=\"40\" class=\"wpcf7-form-control wpcf7-text wpcf7-email wpcf7-validates-as-required wpcf7-validates-as-email form-control\" aria-required=\"true\" aria-invalid=\"false\" placeholder=\"Email (vy\u017eadov\u00e1no)\" \/><\/span>\n  <\/div>\n<div class=\"col-md-4\">\n    <span class=\"wpcf7-form-control-wrap your-subject\"><input type=\"text\" name=\"your-subject\" value=\"\" size=\"40\" class=\"wpcf7-form-control wpcf7-text form-control\" aria-invalid=\"false\" placeholder=\"P\u0159edm\u011bt\" \/><\/span>\n  <\/div>\n<\/div>\n<p> <!-- end of .row --><\/p>\n<hr class=\"my-4\" \/>\n<div class=\"row\">\n<div class=\"col-md-12\">\n    <span class=\"wpcf7-form-control-wrap your-message\"><textarea name=\"your-message\" cols=\"40\" rows=\"3\" class=\"wpcf7-form-control wpcf7-textarea form-control\" aria-invalid=\"false\" placeholder=\"Zpr\u00e1va\"><\/textarea><\/span>\n  <\/div>\n<\/div>\n<hr class=\"my-4\" \/>\n<div class=\"row\">\n<div class=\"col-sm-12\">\n    <input type=\"submit\" value=\"Odeslat\" class=\"wpcf7-form-control has-spinner wpcf7-submit btn-block btn btn-primary btn-lg\" \/>\n  <\/div>\n<\/div>\n<p><\/p>\n<div class=\"wpcf7-response-output\" aria-hidden=\"true\"><\/div><\/form><\/div><\/div>\n","protected":false},"excerpt":{"rendered":"<p>Ing. Rostislav Postulka Jednatel spole\u010dnosti Tel.:&nbsp;+420 777 748 040E-mail:&nbsp;sias@sias.cz Radek Postulka Stavebn\u00ed technik Tel.:&nbsp;+420 777 748 041E-mail:&nbsp;radek.p@sias.cz \u00a0 Sekretari\u00e1t Tel.:&nbsp;+420 777 748 042E-mail:&nbsp;sekretariat@sias.cz S\u00eddlo spole\u010dnosti SIAS OPAVA, spol. s r.o. I\u010cO: 49609025DI\u010c: CZ49609025 Pekliska 40Velk\u00e9 Ho\u0161tice747 31 Mapa Kontaktujte n\u00e1s<\/p>\n","protected":false},"author":1,"featured_media":0,"parent":0,"menu_order":0,"comment_status":"closed","ping_status":"closed","template":"","meta":{"ngg_post_thumbnail":0,"footnotes":""},"class_list":["post-12","page","type-page","status-publish","hentry"],"yoast_head":"<!-- This site is optimized with the Yoast SEO plugin v18.0 - https:\/\/yoast.com\/wordpress\/plugins\/seo\/ -->\n<title>Kontakt - SIAS - in\u017een\u00fdrsk\u00e1 a stavebn\u00ed spole\u010dnost<\/title>\n<meta name=\"robots\" content=\"noindex, follow, max-snippet:-1, max-image-preview:large, max-video-preview:-1\" \/>\n<meta property=\"og:locale\" content=\"cs_CZ\" \/>\n<meta property=\"og:type\" content=\"article\" \/>\n<meta property=\"og:title\" content=\"Kontakt - SIAS - in\u017een\u00fdrsk\u00e1 a stavebn\u00ed spole\u010dnost\" \/>\n<meta property=\"og:description\" content=\"Ing. Rostislav Postulka Jednatel spole\u010dnosti Tel.:&nbsp;+420 777 748 040E-mail:&nbsp;sias@sias.cz Radek Postulka Stavebn\u00ed technik Tel.:&nbsp;+420 777 748 041E-mail:&nbsp;radek.p@sias.cz \u00a0 Sekretari\u00e1t Tel.:&nbsp;+420 777 748 042E-mail:&nbsp;sekretariat@sias.cz S\u00eddlo spole\u010dnosti SIAS OPAVA, spol. s r.o. I\u010cO: 49609025DI\u010c: CZ49609025 Pekliska 40Velk\u00e9 Ho\u0161tice747 31 Mapa Kontaktujte n\u00e1s\" \/>\n<meta property=\"og:url\" content=\"http:\/\/mchead.net\/www_sias\/kontakt\/\" \/>\n<meta property=\"og:site_name\" content=\"SIAS - in\u017een\u00fdrsk\u00e1 a stavebn\u00ed spole\u010dnost\" \/>\n<meta property=\"article:modified_time\" content=\"2022-01-26T19:34:54+00:00\" \/>\n<meta name=\"twitter:card\" content=\"summary_large_image\" \/>\n<meta name=\"twitter:label1\" content=\"Odhadovan\u00e1 doba \u010dten\u00ed\" \/>\n\t<meta name=\"twitter:data1\" content=\"1 minuta\" \/>\n<script type=\"application\/ld+json\" class=\"yoast-schema-graph\">{\"@context\":\"https:\/\/schema.org\",\"@graph\":[{\"@type\":\"WebSite\",\"@id\":\"http:\/\/mchead.net\/www_sias\/#website\",\"url\":\"http:\/\/mchead.net\/www_sias\/\",\"name\":\"SIAS - in\u017een\u00fdrsk\u00e1 a stavebn\u00ed spole\u010dnost\",\"description\":\"in\u017een\u00fdrsk\u00e1 a stavebn\u00ed spole\u010dnost\",\"potentialAction\":[{\"@type\":\"SearchAction\",\"target\":{\"@type\":\"EntryPoint\",\"urlTemplate\":\"http:\/\/mchead.net\/www_sias\/?s={search_term_string}\"},\"query-input\":\"required name=search_term_string\"}],\"inLanguage\":\"cs\"},{\"@type\":\"WebPage\",\"@id\":\"http:\/\/mchead.net\/www_sias\/kontakt\/#webpage\",\"url\":\"http:\/\/mchead.net\/www_sias\/kontakt\/\",\"name\":\"Kontakt - SIAS - in\u017een\u00fdrsk\u00e1 a stavebn\u00ed spole\u010dnost\",\"isPartOf\":{\"@id\":\"http:\/\/mchead.net\/www_sias\/#website\"},\"datePublished\":\"2022-01-12T19:28:41+00:00\",\"dateModified\":\"2022-01-26T19:34:54+00:00\",\"breadcrumb\":{\"@id\":\"http:\/\/mchead.net\/www_sias\/kontakt\/#breadcrumb\"},\"inLanguage\":\"cs\",\"potentialAction\":[{\"@type\":\"ReadAction\",\"target\":[\"http:\/\/mchead.net\/www_sias\/kontakt\/\"]}]},{\"@type\":\"BreadcrumbList\",\"@id\":\"http:\/\/mchead.net\/www_sias\/kontakt\/#breadcrumb\",\"itemListElement\":[{\"@type\":\"ListItem\",\"position\":1,\"name\":\"Dom\u016f\",\"item\":\"http:\/\/mchead.net\/www_sias\/\"},{\"@type\":\"ListItem\",\"position\":2,\"name\":\"Kontakt\"}]}]}<\/script>\n<!-- \/ Yoast SEO plugin. -->","yoast_head_json":{"title":"Kontakt - SIAS - in\u017een\u00fdrsk\u00e1 a stavebn\u00ed spole\u010dnost","robots":{"index":"noindex","follow":"follow","max-snippet":"max-snippet:-1","max-image-preview":"max-image-preview:large","max-video-preview":"max-video-preview:-1"},"og_locale":"cs_CZ","og_type":"article","og_title":"Kontakt - SIAS - in\u017een\u00fdrsk\u00e1 a stavebn\u00ed spole\u010dnost","og_description":"Ing. Rostislav Postulka Jednatel spole\u010dnosti Tel.:&nbsp;+420 777 748 040E-mail:&nbsp;sias@sias.cz Radek Postulka Stavebn\u00ed technik Tel.:&nbsp;+420 777 748 041E-mail:&nbsp;radek.p@sias.cz \u00a0 Sekretari\u00e1t Tel.:&nbsp;+420 777 748 042E-mail:&nbsp;sekretariat@sias.cz S\u00eddlo spole\u010dnosti SIAS OPAVA, spol. s r.o. I\u010cO: 49609025DI\u010c: CZ49609025 Pekliska 40Velk\u00e9 Ho\u0161tice747 31 Mapa Kontaktujte n\u00e1s","og_url":"http:\/\/mchead.net\/www_sias\/kontakt\/","og_site_name":"SIAS - in\u017een\u00fdrsk\u00e1 a stavebn\u00ed spole\u010dnost","article_modified_time":"2022-01-26T19:34:54+00:00","twitter_card":"summary_large_image","twitter_misc":{"Odhadovan\u00e1 doba \u010dten\u00ed":"1 minuta"},"schema":{"@context":"https:\/\/schema.org","@graph":[{"@type":"WebSite","@id":"http:\/\/mchead.net\/www_sias\/#website","url":"http:\/\/mchead.net\/www_sias\/","name":"SIAS - in\u017een\u00fdrsk\u00e1 a stavebn\u00ed spole\u010dnost","description":"in\u017een\u00fdrsk\u00e1 a stavebn\u00ed spole\u010dnost","potentialAction":[{"@type":"SearchAction","target":{"@type":"EntryPoint","urlTemplate":"http:\/\/mchead.net\/www_sias\/?s={search_term_string}"},"query-input":"required name=search_term_string"}],"inLanguage":"cs"},{"@type":"WebPage","@id":"http:\/\/mchead.net\/www_sias\/kontakt\/#webpage","url":"http:\/\/mchead.net\/www_sias\/kontakt\/","name":"Kontakt - SIAS - in\u017een\u00fdrsk\u00e1 a stavebn\u00ed spole\u010dnost","isPartOf":{"@id":"http:\/\/mchead.net\/www_sias\/#website"},"datePublished":"2022-01-12T19:28:41+00:00","dateModified":"2022-01-26T19:34:54+00:00","breadcrumb":{"@id":"http:\/\/mchead.net\/www_sias\/kontakt\/#breadcrumb"},"inLanguage":"cs","potentialAction":[{"@type":"ReadAction","target":["http:\/\/mchead.net\/www_sias\/kontakt\/"]}]},{"@type":"BreadcrumbList","@id":"http:\/\/mchead.net\/www_sias\/kontakt\/#breadcrumb","itemListElement":[{"@type":"ListItem","position":1,"name":"Dom\u016f","item":"http:\/\/mchead.net\/www_sias\/"},{"@type":"ListItem","position":2,"name":"Kontakt"}]}]}},"_links":{"self":[{"href":"http:\/\/mchead.net\/www_sias\/wp-json\/wp\/v2\/pages\/12","targetHints":{"allow":["GET"]}}],"collection":[{"href":"http:\/\/mchead.net\/www_sias\/wp-json\/wp\/v2\/pages"}],"about":[{"href":"http:\/\/mchead.net\/www_sias\/wp-json\/wp\/v2\/types\/page"}],"author":[{"embeddable":true,"href":"http:\/\/mchead.net\/www_sias\/wp-json\/wp\/v2\/users\/1"}],"replies":[{"embeddable":true,"href":"http:\/\/mchead.net\/www_sias\/wp-json\/wp\/v2\/comments?post=12"}],"version-history":[{"count":14,"href":"http:\/\/mchead.net\/www_sias\/wp-json\/wp\/v2\/pages\/12\/revisions"}],"predecessor-version":[{"id":62,"href":"http:\/\/mchead.net\/www_sias\/wp-json\/wp\/v2\/pages\/12\/revisions\/62"}],"wp:attachment":[{"href":"http:\/\/mchead.net\/www_sias\/wp-json\/wp\/v2\/media?parent=12"}],"curies":[{"name":"wp","href":"https:\/\/api.w.org\/{rel}","templated":true}]}}