{"id":330,"date":"2022-02-06T16:05:04","date_gmt":"2022-02-06T15:05:04","guid":{"rendered":"http:\/\/mchead.net\/www_sias\/?page_id=330"},"modified":"2022-02-06T16:05:04","modified_gmt":"2022-02-06T15:05:04","slug":"podminky-ochrany-osobnich-udaju","status":"publish","type":"page","link":"http:\/\/mchead.net\/www_sias\/podminky-ochrany-osobnich-udaju\/","title":{"rendered":"Podm\u00ednky ochrany osobn\u00edch \u00fadaj\u016f"},"content":{"rendered":"\n<h2 class=\"wp-block-heading\" id=\"zakladni-ustanoveni\">Z\u00e1kladn\u00ed ustanoven\u00ed<\/h2>\n\n\n\n<ol class=\"wp-block-list\" type=\"1\"><li>Spr\u00e1vcem osobn\u00edch \u00fadaj\u016f podle \u010dl. 4 bod 7 na\u0159\u00edzen\u00ed Evropsk\u00e9ho parlamentu a Rady (EU) 2016\/679 o ochran\u011b fyzick\u00fdch osob v souvislosti se zpracov\u00e1n\u00edm osobn\u00edch \u00fadaj\u016f a o voln\u00e9m pohybu t\u011bchto \u00fadaj\u016f (d\u00e1le jen: \u201e<strong>GDPR<\/strong>\u201d) je <strong>SIAS OPAVA spol. s r. o.<\/strong> I\u010c <strong>49609025<\/strong> se s\u00eddlem <strong>Velk\u00e9 Ho\u0161tice, Pekliska 40<\/strong> (d\u00e1le jen: \u201e<strong>spr\u00e1vce<\/strong>\u201c).<\/li><li>Osobn\u00edmi \u00fadaji se rozum\u00ed ve\u0161ker\u00e9 informace o identifikovan\u00e9 nebo identifikovateln\u00e9 fyzick\u00e9 osob\u011b; identifikovatelnou fyzickou osobou je fyzick\u00e1 osoba, kterou lze p\u0159\u00edmo \u010di nep\u0159\u00edmo identifikovat, zejm\u00e9na odkazem na ur\u010dit\u00fd identifik\u00e1tor, nap\u0159\u00edklad jm\u00e9no, identifika\u010dn\u00ed \u010d\u00edslo, loka\u010dn\u00ed \u00fadaje, s\u00ed\u0165ov\u00fd identifik\u00e1tor nebo na jeden \u010di v\u00edce zvl\u00e1\u0161tn\u00edch prvk\u016f fyzick\u00e9, fyziologick\u00e9, genetick\u00e9, psychick\u00e9, ekonomick\u00e9, kulturn\u00ed nebo spole\u010densk\u00e9 identity t\u00e9to fyzick\u00e9 osoby.<\/li><li>Spr\u00e1vce nejmenoval pov\u011b\u0159ence pro ochranu osobn\u00edch \u00fadaj\u016f.<\/li><\/ol>\n\n\n\n<h2 class=\"wp-block-heading\" id=\"zdroje-a-kategorie-zpracovavanych-osobnich-udaju\">Zdroje a kategorie zpracov\u00e1van\u00fdch osobn\u00edch \u00fadaj\u016f<\/h2>\n\n\n\n<ol class=\"wp-block-list\" type=\"1\"><li>Spr\u00e1vce zpracov\u00e1v\u00e1 osobn\u00ed \u00fadaje, kter\u00e9 jste mu poskytl\/a nebo osobn\u00ed \u00fadaje, kter\u00e9 spr\u00e1vce z\u00edskal na z\u00e1klad\u011b pln\u011bn\u00ed Va\u0161\u00ed objedn\u00e1vky.<\/li><li>Spr\u00e1vce zpracov\u00e1v\u00e1 Va\u0161e identifika\u010dn\u00ed a kontaktn\u00ed \u00fadaje a \u00fadaje nezbytn\u00e9 pro pln\u011bn\u00ed smlouvy.<\/li><\/ol>\n\n\n\n<h2 class=\"wp-block-heading\" id=\"zakonny-duvod-a-ucel-zpracovani-osobnich-udaju\">Z\u00e1konn\u00fd d\u016fvod a \u00fa\u010del zpracov\u00e1n\u00ed osobn\u00edch \u00fadaj\u016f<\/h2>\n\n\n\n<ol class=\"wp-block-list\" type=\"1\"><li>Z\u00e1konn\u00fdm d\u016fvodem zpracov\u00e1n\u00ed osobn\u00edch \u00fadaj\u016f je<ul><li>pln\u011bn\u00ed smlouvy mezi V\u00e1mi a spr\u00e1vcem podle \u010dl. 6 odst. 1 p\u00edsm. b) GDPR,<\/li><li>opr\u00e1vn\u011bn\u00fd z\u00e1jem spr\u00e1vce na poskytov\u00e1n\u00ed p\u0159\u00edm\u00e9ho marketingu (zejm\u00e9na pro zas\u00edl\u00e1n\u00ed obchodn\u00edch sd\u011blen\u00ed a newsletter\u016f) podle \u010dl. 6 odst. 1 p\u00edsm. f) GDPR,<\/li><li>V\u00e1\u0161 souhlas se zpracov\u00e1n\u00edm pro \u00fa\u010dely poskytov\u00e1n\u00ed p\u0159\u00edm\u00e9ho marketingu (zejm\u00e9na pro zas\u00edl\u00e1n\u00ed obchodn\u00edch sd\u011blen\u00ed a newsletter\u016f) podle \u010dl. 6 odst. 1 p\u00edsm. a) GDPR ve spojen\u00ed s \u00a7 7 odst. 2 z\u00e1kona \u010d. 480\/2004 Sb., o n\u011bkter\u00fdch slu\u017eb\u00e1ch informa\u010dn\u00ed spole\u010dnosti v p\u0159\u00edpad\u011b, \u017ee nedo\u0161lo k objedn\u00e1vce zbo\u017e\u00ed nebo slu\u017eby.<\/li><\/ul><\/li><li>\u00da\u010delem zpracov\u00e1n\u00ed osobn\u00edch \u00fadaj\u016f je<ul><li>vy\u0159\u00edzen\u00ed Va\u0161\u00ed objedn\u00e1vky a v\u00fdkon pr\u00e1v a povinnost\u00ed vypl\u00fdvaj\u00edc\u00edch ze smluvn\u00edho vztahu mezi V\u00e1mi a spr\u00e1vcem; p\u0159i objedn\u00e1vce jsou vy\u017eadov\u00e1ny osobn\u00ed \u00fadaje, kter\u00e9 jsou nutn\u00e9 pro \u00fasp\u011b\u0161n\u00e9 vy\u0159\u00edzen\u00ed objedn\u00e1vky (jm\u00e9no a adresa, kontakt), poskytnut\u00ed osobn\u00edch \u00fadaj\u016f je nutn\u00fdm po\u017eadavkem pro uzav\u0159en\u00ed a pln\u011bn\u00ed smlouvy, bez poskytnut\u00ed osobn\u00edch \u00fadaj\u016f nen\u00ed mo\u017en\u00e9 smlouvu uzav\u0159\u00edt \u010di j\u00ed ze strany spr\u00e1vce plnit,<\/li><\/ul><\/li><li>Ze strany spr\u00e1vce nedoch\u00e1z\u00ed k automatick\u00e9mu individu\u00e1ln\u00edmu rozhodov\u00e1n\u00ed ve smyslu \u010dl. 22 GDPR.<\/li><\/ol>\n\n\n\n<h2 class=\"wp-block-heading\" id=\"doba-uchovavani-udaju\">Doba uchov\u00e1v\u00e1n\u00ed \u00fadaj\u016f<\/h2>\n\n\n\n<ol class=\"wp-block-list\" type=\"1\"><li>Spr\u00e1vce uchov\u00e1v\u00e1 osobn\u00ed \u00fadaje<ul><li>po dobu nezbytnou k v\u00fdkonu pr\u00e1v a povinnost\u00ed vypl\u00fdvaj\u00edc\u00edch ze smluvn\u00edho vztahu mezi V\u00e1mi a spr\u00e1vcem a uplat\u0148ov\u00e1n\u00ed n\u00e1rok\u016f z t\u011bchto smluvn\u00edch vztah\u016f (po dobu 15 let od ukon\u010den\u00ed smluvn\u00edho vztahu).<\/li><li>po dobu, ne\u017e je odvol\u00e1n souhlas se zpracov\u00e1n\u00edm osobn\u00edch \u00fadaj\u016f pro \u00fa\u010dely marketingu, nejd\u00e9le 15 let, jsou-li osobn\u00ed \u00fadaje zpracov\u00e1v\u00e1ny na z\u00e1klad\u011b souhlasu.<\/li><\/ul><\/li><li>Po uplynut\u00ed doby uchov\u00e1v\u00e1n\u00ed osobn\u00edch \u00fadaj\u016f spr\u00e1vce osobn\u00ed \u00fadaje vyma\u017ee.<\/li><\/ol>\n\n\n\n<h2 class=\"wp-block-heading\" id=\"prijemci-osobnich-udaju-subdodavatele-spravce\">P\u0159\u00edjemci osobn\u00edch \u00fadaj\u016f (subdodavatel\u00e9 spr\u00e1vce)<\/h2>\n\n\n\n<ol class=\"wp-block-list\" type=\"1\"><li>P\u0159\u00edjemci osobn\u00edch \u00fadaj\u016f jsou osoby<ul><li>pod\u00edlej\u00edc\u00ed se na dod\u00e1n\u00ed zbo\u017e\u00ed \/ slu\u017eeb \/ realizaci plateb na z\u00e1klad\u011b smlouvy,<\/li><\/ul><\/li><li>Spr\u00e1vce nem\u00e1 v \u00famyslu p\u0159edat osobn\u00ed \u00fadaje do t\u0159et\u00ed zem\u011b (do zem\u011b mimo EU) nebo mezin\u00e1rodn\u00ed organizaci.<\/li><\/ol>\n\n\n\n<h2 class=\"wp-block-heading\" id=\"cookies\">COOKIES<\/h2>\n\n\n\n<ol class=\"wp-block-list\" type=\"1\"><li>Na na\u0161ich internetov\u00fdch str\u00e1nk\u00e1ch pou\u017e\u00edv\u00e1me soubory \u201ecookies\u201c proto, abychom n\u00e1v\u0161t\u011bvn\u00edk\u016fm poskytli v\u011bt\u0161\u00ed pohodl\u00ed p\u0159i jejich prohl\u00ed\u017een\u00ed. Soubory \u201ecookies\u201c (v doslovn\u00e9m p\u0159ekladu \u201esu\u0161enky\u201c) jsou mal\u00e9 textov\u00e9 soubory, kter\u00e9 Internetov\u00e9 Str\u00e1nky vytvo\u0159\u00ed ve Va\u0161em za\u0159\u00edzen\u00ed v moment\u011b, kdy na n\u011b vstoup\u00edte.<\/li><li>Na\u0161e internetov\u00e9 str\u00e1nky pou\u017e\u00edvaj\u00ed jak tzv. \u201esession cookies\u201c, tak i tzv. \u201epersistent cookies\u201c.<ul><li>Session cookies umo\u017e\u0148uj\u00ed listovat jednotliv\u00fdmi z\u00e1lo\u017ekami na\u0161ich str\u00e1nek a pamatuj\u00ed si jakoukoliv informaci, kterou zde zad\u00e1te. Session cookie se automaticky sma\u017ee v okam\u017eiku, kdy prohl\u00ed\u017ee\u010d zav\u0159ete, nebo kr\u00e1tce pot\u00e9.<\/li><li>Persistent cookies umo\u017e\u0148uj\u00ed t\u011bmto internetov\u00fdm str\u00e1nk\u00e1m pamatovat si Va\u0161e preference a nastaven\u00ed pro Va\u0161i p\u0159\u00ed\u0161t\u00ed n\u00e1v\u0161t\u011bvu a d\u00edky nim se nap\u0159. nemus\u00edte neust\u00e1le p\u0159ihla\u0161ovat. Persistent cookies po ur\u010dit\u00e9m nastaven\u00e9m \u010dase automaticky vypr\u0161\u00ed.<\/li><\/ul><\/li><li>Na\u0161e internetov\u00e9 str\u00e1nky pou\u017e\u00edvaj\u00ed cookies, kter\u00e9:<ul><li>zlep\u0161uj\u00ed v\u00fdkon Internetov\u00fdch Str\u00e1nek t\u00edm, \u017ee sb\u00edraj\u00ed informace o zp\u016fsobu, jak\u00fdm je n\u00e1v\u0161t\u011bvn\u00edci pou\u017e\u00edvaj\u00ed (nap\u0159. kter\u00e9 z\u00e1lo\u017eky jsou nejv\u00edce nav\u0161t\u011bvovan\u00e9).<\/li><li>zvy\u0161uj\u00ed funk\u010dnost Internetov\u00fdch Str\u00e1nek a p\u0159ibli\u017euj\u00ed je V\u00e1m t\u00edm, \u017ee n\u00e1m umo\u017e\u0148uj\u00ed si pamatovat Va\u0161e d\u0159\u00edv\u011bj\u0161\u00ed volby. Tyto informace nicm\u00e9n\u011b nejsou pou\u017e\u00edv\u00e1ny k Va\u0161\u00ed identifikaci ani k zapamatov\u00e1n\u00ed si toho, kde jste na internetu byli.<\/li><li>umo\u017e\u0148uj\u00ed n\u011bkter\u00fdm n\u00e1stroj\u016fm pracovat, poskytuj\u00ed opat\u0159en\u00ed proti spam\u016fm a tak\u00e9 p\u0159\u00edstup k v\u011bkov\u011b omezen\u00e9mu obsahu; a<\/li><li>umo\u017e\u0148uj\u00ed n\u011bkter\u00fdm na\u0161im dodavatel\u016fm poskytovat slu\u017eby, kter\u00e9 ve vztahu k Internetov\u00fdm Str\u00e1nk\u00e1m poskytuj\u00ed v na\u0161em zastoupen\u00ed.<\/li><\/ul><\/li><li>\u201eCookies\u201c nejsou viry. Jsou to pouze textov\u00e9 soubory, kter\u00e9 neobsahuj\u00ed \u017e\u00e1dn\u00fd program a vzhledem k tomu se ani nedaj\u00ed spustit jako program. Soubor \u201ecookies\u201c se nem\u016f\u017ee s\u00e1m kop\u00edrovat a rozes\u00edlat po internetov\u00e9 s\u00edti. V\u00e1\u0161 internetov\u00fd prohl\u00ed\u017ee\u010d je v\u0161ak p\u0159i ka\u017ed\u00e9 n\u00e1v\u0161t\u011bv\u011b ode\u0161le Internetov\u00e9 Str\u00e1nce, ke kter\u00e9 pat\u0159\u00ed, a ta se pak v internetov\u00e9m prohl\u00ed\u017ee\u010di zobraz\u00ed ve Va\u0161em nastaven\u00ed.<\/li><li>Pomoc\u00ed soubor\u016f \u201ecookies\u201c dok\u00e1\u017eeme v obecn\u00e9 rovin\u011b tak\u00e9 zaznamen\u00e1vat statistick\u00e9 \u00fadaje o chov\u00e1n\u00ed n\u00e1v\u0161t\u011bvn\u00edka t\u011bchto Internetov\u00fdch Str\u00e1nek. D\u00edky tomu je m\u016f\u017eeme c\u00edlen\u011b p\u0159izp\u016fsobovat Va\u0161im z\u00e1jm\u016fm a po\u017eadavk\u016fm.<\/li><li>\u201eCookies\u201c n\u00e1m pom\u00e1haj\u00ed p\u0159i identifikaci zvl\u00e1\u0161\u0165 popul\u00e1rn\u00ed \u010di probl\u00e9mov\u00e9 \u010d\u00e1sti Internetov\u00fdch Str\u00e1nek, nen\u00ed je ale mo\u017en\u00e9 spojit s konkr\u00e9tn\u00edm u\u017eivatelem.<\/li><li>Soubory \u201ecookies\u201c d\u00e1le vyu\u017e\u00edv\u00e1me i pro \u00fa\u010dely Va\u0161\u00ed autentizace, tedy pro to, abychom jejich prost\u0159ednictv\u00edm eliminovali nutnost zad\u00e1v\u00e1n\u00ed identifika\u010dn\u00edch \u00fadaj\u016f o Va\u0161\u00ed osob\u011b p\u0159i ka\u017ed\u00e9m dal\u0161\u00edm Va\u0161em vstupu na Internetov\u00e9 Str\u00e1nky. Sou\u010dasn\u011b je pou\u017e\u00edv\u00e1me i pro \u00fa\u010dely uzp\u016fsoben\u00ed Internetov\u00fdch Str\u00e1nek dle Va\u0161ich pot\u0159eb, tedy nap\u0159. pro to, aby se V\u00e1m Internetov\u00e9 Str\u00e1nky nad\u00e1le zobrazovaly ve V\u00e1mi zvolen\u00e9m jazyce \u010di v ur\u010dit\u00e9 grafick\u00e9 \u00faprav\u011b.<\/li><li>Tyto Internetov\u00e9 Str\u00e1nky si samoz\u0159ejm\u011b m\u016f\u017eete prohl\u00ed\u017eet i bez soubor\u016f \u201ecookies\u201c, je v\u0161ak mo\u017en\u00e9, \u017ee n\u011bkter\u00e9 jejich funk\u010dnosti budou omezen\u00e9 a komfort pou\u017e\u00edv\u00e1n\u00ed se sn\u00ed\u017e\u00ed. V\u011bt\u0161ina prohl\u00ed\u017ee\u010d\u016f tyto soubory akceptuje automaticky, jejich ukl\u00e1d\u00e1n\u00ed je v\u0161ak mo\u017eno zabr\u00e1nit tak, \u017ee v nastaven\u00edch prohl\u00ed\u017ee\u010de zvol\u00edte mo\u017enost \u201eneakceptovat cookies\u201c. Soubory \u201ecookies\u201c, kter\u00e9 se na Va\u0161em za\u0159\u00edzen\u00ed ji\u017e ulo\u017eily, m\u016f\u017eete tak\u00e9 kdykoliv vymazat. P\u0159esn\u00e9 nastaven\u00ed t\u00e9to funkce zjist\u00edte pomoc\u00ed \u201en\u00e1pov\u011bdy \u201c Va\u0161eho prohl\u00ed\u017ee\u010de.<\/li><li>Pou\u017e\u00edv\u00e1n\u00edm Internetov\u00fdch Str\u00e1nek vyjad\u0159ujete souhlas s pou\u017eit\u00edm soubor\u016f \u201ecookies\u201c v\u00fd\u0161e uveden\u00fdm zp\u016fsobem.<\/li><\/ol>\n\n\n\n<h2 class=\"wp-block-heading\" id=\"vase-prava\">Va\u0161e pr\u00e1va<\/h2>\n\n\n\n<ol class=\"wp-block-list\" type=\"1\"><li>Za podm\u00ednek stanoven\u00fdch v GDPR m\u00e1te<ul><li>pr\u00e1vo na p\u0159\u00edstup ke sv\u00fdm osobn\u00edm \u00fadaj\u016fm dle \u010dl. 15 GDPR,<\/li><li>pr\u00e1vo na opravu osobn\u00edch \u00fadaj\u016f dle \u010dl. 16 GDPR, pop\u0159\u00edpad\u011b omezen\u00ed zpracov\u00e1n\u00ed dle \u010dl. 18 GDPR.<\/li><li>pr\u00e1vo na v\u00fdmaz osobn\u00edch \u00fadaj\u016f dle \u010dl. 17 GDPR.<\/li><li>pr\u00e1vo vzn\u00e9st n\u00e1mitku proti zpracov\u00e1n\u00ed dle \u010dl. 21 GDPR a<\/li><li>pr\u00e1vo na p\u0159enositelnost \u00fadaj\u016f dle \u010dl. 20 GDPR.<\/li><li>pr\u00e1vo odvolat souhlas se zpracov\u00e1n\u00edm p\u00edsemn\u011b nebo elektronicky na adresu nebo email spr\u00e1vce uveden\u00fd v \u010dl. III t\u011bchto podm\u00ednek.<\/li><\/ul><\/li><li>D\u00e1le m\u00e1te pr\u00e1vo podat st\u00ed\u017enost u \u00da\u0159adu pro ochranu osobn\u00edch \u00fadaj\u016f v p\u0159\u00edpad\u011b, \u017ee se domn\u00edv\u00e1te, \u017ee bylo poru\u0161eno Va\u0161e pr\u00e1vo na ochranu osobn\u00edch \u00fadaj\u016f.<\/li><\/ol>\n\n\n\n<h2 class=\"wp-block-heading\" id=\"podminky-zabezpeceni-osobnich-udaju\">Podm\u00ednky zabezpe\u010den\u00ed osobn\u00edch \u00fadaj\u016f<\/h2>\n\n\n\n<ol class=\"wp-block-list\" type=\"1\"><li>Spr\u00e1vce prohla\u0161uje, \u017ee p\u0159ijal ve\u0161ker\u00e1 vhodn\u00e1 technick\u00e1 a organiza\u010dn\u00ed opat\u0159en\u00ed k zabezpe\u010den\u00ed osobn\u00edch \u00fadaj\u016f.<\/li><li>Spr\u00e1vce p\u0159ijal technick\u00e1 opat\u0159en\u00ed k zabezpe\u010den\u00ed datov\u00fdch \u00falo\u017ei\u0161\u0165 a \u00falo\u017ei\u0161\u0165 osobn\u00edch \u00fadaj\u016f v listinn\u00e9 podob\u011b, zejm\u00e9na pomoc\u00ed hesla, antivirov\u00e9ho programu a z\u00e1loh.<\/li><li>Spr\u00e1vce prohla\u0161uje, \u017ee k osobn\u00edm \u00fadaj\u016fm maj\u00ed p\u0159\u00edstup pouze j\u00edm pov\u011b\u0159en\u00e9 osoby.<\/li><\/ol>\n\n\n\n<h2 class=\"wp-block-heading\" id=\"zaverecna-ustanoveni\">Z\u00e1v\u011bre\u010dn\u00e1 ustanoven\u00ed<\/h2>\n\n\n\n<ol class=\"wp-block-list\" type=\"1\"><li>Odesl\u00e1n\u00edm objedn\u00e1vky z internetov\u00e9ho objedn\u00e1vkov\u00e9ho formul\u00e1\u0159e potvrzujete, \u017ee jste sezn\u00e1men\/a s podm\u00ednkami ochrany osobn\u00edch \u00fadaj\u016f a \u017ee je v cel\u00e9m rozsahu p\u0159ij\u00edm\u00e1te.<\/li><li>S t\u011bmito podm\u00ednkami souhlas\u00edte za\u0161krtnut\u00edm souhlasu prost\u0159ednictv\u00edm internetov\u00e9ho formul\u00e1\u0159e. Za\u0161krtnut\u00edm souhlasu potvrzujete, \u017ee jste sezn\u00e1men\/a s podm\u00ednkami ochrany osobn\u00edch \u00fadaj\u016f a \u017ee je v cel\u00e9m rozsahu p\u0159ij\u00edm\u00e1te.<\/li><li>Spr\u00e1vce je opr\u00e1vn\u011bn tyto podm\u00ednky zm\u011bnit. Novou verzi podm\u00ednek ochrany osobn\u00edch \u00fadaj\u016f zve\u0159ejn\u00ed na sv\u00fdch internetov\u00fdch str\u00e1nk\u00e1ch a z\u00e1rove\u0148 V\u00e1m za\u0161le novou verzi t\u011bchto podm\u00ednek Va\u0161i e-mailovou adresu, kterou jste spr\u00e1vci poskytl\/a.<\/li><\/ol>\n\n\n\n<p>Tyto podm\u00ednky nab\u00fdvaj\u00ed \u00fa\u010dinnosti dnem 25.5.2018.<\/p>\n\n\n\n<p>\u00a9 Ve\u0161ker\u00e1 pr\u00e1va jsou vyhrazena. Kop\u00edrov\u00e1n\u00ed ve\u0161ker\u00e9ho obsahu v jak\u00e9koliv podob\u011b bez p\u0159edchoz\u00edho p\u00edsemn\u00e9ho nebo \u00fastn\u00edho souhlasu je zak\u00e1z\u00e1no a je trestn\u00e9.<\/p>\n","protected":false},"excerpt":{"rendered":"<p>Z\u00e1kladn\u00ed ustanoven\u00ed Spr\u00e1vcem osobn\u00edch \u00fadaj\u016f podle \u010dl. 4 bod 7 na\u0159\u00edzen\u00ed Evropsk\u00e9ho parlamentu a Rady (EU) 2016\/679 o ochran\u011b fyzick\u00fdch osob v souvislosti se zpracov\u00e1n\u00edm osobn\u00edch \u00fadaj\u016f a o voln\u00e9m pohybu t\u011bchto \u00fadaj\u016f (d\u00e1le jen: \u201eGDPR\u201d) je SIAS OPAVA spol. s r. o. I\u010c 49609025 se s\u00eddlem Velk\u00e9 Ho\u0161tice, Pekliska 40 (d\u00e1le jen: \u201espr\u00e1vce\u201c). Osobn\u00edmi [&hellip;]<\/p>\n","protected":false},"author":1,"featured_media":0,"parent":0,"menu_order":0,"comment_status":"closed","ping_status":"closed","template":"","meta":{"ngg_post_thumbnail":0,"footnotes":""},"class_list":["post-330","page","type-page","status-publish","hentry"],"yoast_head":"<!-- This site is optimized with the Yoast SEO plugin v18.0 - https:\/\/yoast.com\/wordpress\/plugins\/seo\/ -->\n<title>Podm\u00ednky ochrany osobn\u00edch \u00fadaj\u016f - SIAS - in\u017een\u00fdrsk\u00e1 a stavebn\u00ed spole\u010dnost<\/title>\n<meta name=\"robots\" content=\"noindex, follow, max-snippet:-1, max-image-preview:large, max-video-preview:-1\" \/>\n<meta property=\"og:locale\" content=\"cs_CZ\" \/>\n<meta property=\"og:type\" content=\"article\" \/>\n<meta property=\"og:title\" content=\"Podm\u00ednky ochrany osobn\u00edch \u00fadaj\u016f - SIAS - in\u017een\u00fdrsk\u00e1 a stavebn\u00ed spole\u010dnost\" \/>\n<meta property=\"og:description\" content=\"Z\u00e1kladn\u00ed ustanoven\u00ed Spr\u00e1vcem osobn\u00edch \u00fadaj\u016f podle \u010dl. 4 bod 7 na\u0159\u00edzen\u00ed Evropsk\u00e9ho parlamentu a Rady (EU) 2016\/679 o ochran\u011b fyzick\u00fdch osob v souvislosti se zpracov\u00e1n\u00edm osobn\u00edch \u00fadaj\u016f a o voln\u00e9m pohybu t\u011bchto \u00fadaj\u016f (d\u00e1le jen: \u201eGDPR\u201d) je SIAS OPAVA spol. s r. o. I\u010c 49609025 se s\u00eddlem Velk\u00e9 Ho\u0161tice, Pekliska 40 (d\u00e1le jen: \u201espr\u00e1vce\u201c). Osobn\u00edmi [&hellip;]\" \/>\n<meta property=\"og:url\" content=\"http:\/\/mchead.net\/www_sias\/podminky-ochrany-osobnich-udaju\/\" \/>\n<meta property=\"og:site_name\" content=\"SIAS - in\u017een\u00fdrsk\u00e1 a stavebn\u00ed spole\u010dnost\" \/>\n<meta name=\"twitter:card\" content=\"summary_large_image\" \/>\n<meta name=\"twitter:label1\" content=\"Odhadovan\u00e1 doba \u010dten\u00ed\" \/>\n\t<meta name=\"twitter:data1\" content=\"7 minut\" \/>\n<script type=\"application\/ld+json\" class=\"yoast-schema-graph\">{\"@context\":\"https:\/\/schema.org\",\"@graph\":[{\"@type\":\"WebSite\",\"@id\":\"http:\/\/mchead.net\/www_sias\/#website\",\"url\":\"http:\/\/mchead.net\/www_sias\/\",\"name\":\"SIAS - in\u017een\u00fdrsk\u00e1 a stavebn\u00ed spole\u010dnost\",\"description\":\"in\u017een\u00fdrsk\u00e1 a stavebn\u00ed spole\u010dnost\",\"potentialAction\":[{\"@type\":\"SearchAction\",\"target\":{\"@type\":\"EntryPoint\",\"urlTemplate\":\"http:\/\/mchead.net\/www_sias\/?s={search_term_string}\"},\"query-input\":\"required name=search_term_string\"}],\"inLanguage\":\"cs\"},{\"@type\":\"WebPage\",\"@id\":\"http:\/\/mchead.net\/www_sias\/podminky-ochrany-osobnich-udaju\/#webpage\",\"url\":\"http:\/\/mchead.net\/www_sias\/podminky-ochrany-osobnich-udaju\/\",\"name\":\"Podm\u00ednky ochrany osobn\u00edch \u00fadaj\u016f - SIAS - in\u017een\u00fdrsk\u00e1 a stavebn\u00ed spole\u010dnost\",\"isPartOf\":{\"@id\":\"http:\/\/mchead.net\/www_sias\/#website\"},\"datePublished\":\"2022-02-06T15:05:04+00:00\",\"dateModified\":\"2022-02-06T15:05:04+00:00\",\"breadcrumb\":{\"@id\":\"http:\/\/mchead.net\/www_sias\/podminky-ochrany-osobnich-udaju\/#breadcrumb\"},\"inLanguage\":\"cs\",\"potentialAction\":[{\"@type\":\"ReadAction\",\"target\":[\"http:\/\/mchead.net\/www_sias\/podminky-ochrany-osobnich-udaju\/\"]}]},{\"@type\":\"BreadcrumbList\",\"@id\":\"http:\/\/mchead.net\/www_sias\/podminky-ochrany-osobnich-udaju\/#breadcrumb\",\"itemListElement\":[{\"@type\":\"ListItem\",\"position\":1,\"name\":\"Dom\u016f\",\"item\":\"http:\/\/mchead.net\/www_sias\/\"},{\"@type\":\"ListItem\",\"position\":2,\"name\":\"Podm\u00ednky ochrany osobn\u00edch \u00fadaj\u016f\"}]}]}<\/script>\n<!-- \/ Yoast SEO plugin. -->","yoast_head_json":{"title":"Podm\u00ednky ochrany osobn\u00edch \u00fadaj\u016f - SIAS - in\u017een\u00fdrsk\u00e1 a stavebn\u00ed spole\u010dnost","robots":{"index":"noindex","follow":"follow","max-snippet":"max-snippet:-1","max-image-preview":"max-image-preview:large","max-video-preview":"max-video-preview:-1"},"og_locale":"cs_CZ","og_type":"article","og_title":"Podm\u00ednky ochrany osobn\u00edch \u00fadaj\u016f - SIAS - in\u017een\u00fdrsk\u00e1 a stavebn\u00ed spole\u010dnost","og_description":"Z\u00e1kladn\u00ed ustanoven\u00ed Spr\u00e1vcem osobn\u00edch \u00fadaj\u016f podle \u010dl. 4 bod 7 na\u0159\u00edzen\u00ed Evropsk\u00e9ho parlamentu a Rady (EU) 2016\/679 o ochran\u011b fyzick\u00fdch osob v souvislosti se zpracov\u00e1n\u00edm osobn\u00edch \u00fadaj\u016f a o voln\u00e9m pohybu t\u011bchto \u00fadaj\u016f (d\u00e1le jen: \u201eGDPR\u201d) je SIAS OPAVA spol. s r. o. I\u010c 49609025 se s\u00eddlem Velk\u00e9 Ho\u0161tice, Pekliska 40 (d\u00e1le jen: \u201espr\u00e1vce\u201c). Osobn\u00edmi [&hellip;]","og_url":"http:\/\/mchead.net\/www_sias\/podminky-ochrany-osobnich-udaju\/","og_site_name":"SIAS - in\u017een\u00fdrsk\u00e1 a stavebn\u00ed spole\u010dnost","twitter_card":"summary_large_image","twitter_misc":{"Odhadovan\u00e1 doba \u010dten\u00ed":"7 minut"},"schema":{"@context":"https:\/\/schema.org","@graph":[{"@type":"WebSite","@id":"http:\/\/mchead.net\/www_sias\/#website","url":"http:\/\/mchead.net\/www_sias\/","name":"SIAS - in\u017een\u00fdrsk\u00e1 a stavebn\u00ed spole\u010dnost","description":"in\u017een\u00fdrsk\u00e1 a stavebn\u00ed spole\u010dnost","potentialAction":[{"@type":"SearchAction","target":{"@type":"EntryPoint","urlTemplate":"http:\/\/mchead.net\/www_sias\/?s={search_term_string}"},"query-input":"required name=search_term_string"}],"inLanguage":"cs"},{"@type":"WebPage","@id":"http:\/\/mchead.net\/www_sias\/podminky-ochrany-osobnich-udaju\/#webpage","url":"http:\/\/mchead.net\/www_sias\/podminky-ochrany-osobnich-udaju\/","name":"Podm\u00ednky ochrany osobn\u00edch \u00fadaj\u016f - SIAS - in\u017een\u00fdrsk\u00e1 a stavebn\u00ed spole\u010dnost","isPartOf":{"@id":"http:\/\/mchead.net\/www_sias\/#website"},"datePublished":"2022-02-06T15:05:04+00:00","dateModified":"2022-02-06T15:05:04+00:00","breadcrumb":{"@id":"http:\/\/mchead.net\/www_sias\/podminky-ochrany-osobnich-udaju\/#breadcrumb"},"inLanguage":"cs","potentialAction":[{"@type":"ReadAction","target":["http:\/\/mchead.net\/www_sias\/podminky-ochrany-osobnich-udaju\/"]}]},{"@type":"BreadcrumbList","@id":"http:\/\/mchead.net\/www_sias\/podminky-ochrany-osobnich-udaju\/#breadcrumb","itemListElement":[{"@type":"ListItem","position":1,"name":"Dom\u016f","item":"http:\/\/mchead.net\/www_sias\/"},{"@type":"ListItem","position":2,"name":"Podm\u00ednky ochrany osobn\u00edch \u00fadaj\u016f"}]}]}},"_links":{"self":[{"href":"http:\/\/mchead.net\/www_sias\/wp-json\/wp\/v2\/pages\/330","targetHints":{"allow":["GET"]}}],"collection":[{"href":"http:\/\/mchead.net\/www_sias\/wp-json\/wp\/v2\/pages"}],"about":[{"href":"http:\/\/mchead.net\/www_sias\/wp-json\/wp\/v2\/types\/page"}],"author":[{"embeddable":true,"href":"http:\/\/mchead.net\/www_sias\/wp-json\/wp\/v2\/users\/1"}],"replies":[{"embeddable":true,"href":"http:\/\/mchead.net\/www_sias\/wp-json\/wp\/v2\/comments?post=330"}],"version-history":[{"count":1,"href":"http:\/\/mchead.net\/www_sias\/wp-json\/wp\/v2\/pages\/330\/revisions"}],"predecessor-version":[{"id":331,"href":"http:\/\/mchead.net\/www_sias\/wp-json\/wp\/v2\/pages\/330\/revisions\/331"}],"wp:attachment":[{"href":"http:\/\/mchead.net\/www_sias\/wp-json\/wp\/v2\/media?parent=330"}],"curies":[{"name":"wp","href":"https:\/\/api.w.org\/{rel}","templated":true}]}}