{"id":53,"date":"2022-01-26T20:28:11","date_gmt":"2022-01-26T19:28:11","guid":{"rendered":"http:\/\/mchead.net\/www_sias\/?page_id=53"},"modified":"2022-01-26T21:55:58","modified_gmt":"2022-01-26T20:55:58","slug":"realizace","status":"publish","type":"page","link":"http:\/\/mchead.net\/www_sias\/realizace\/","title":{"rendered":"Realizace"},"content":{"rendered":"\nngg_shortcode_0_placeholder\n","protected":false},"excerpt":{"rendered":"","protected":false},"author":1,"featured_media":0,"parent":0,"menu_order":0,"comment_status":"closed","ping_status":"closed","template":"","meta":{"ngg_post_thumbnail":0,"footnotes":""},"class_list":["post-53","page","type-page","status-publish","hentry"],"yoast_head":"<!-- This site is optimized with the Yoast SEO plugin v18.0 - https:\/\/yoast.com\/wordpress\/plugins\/seo\/ -->\n<title>Realizace - SIAS - in\u017een\u00fdrsk\u00e1 a stavebn\u00ed spole\u010dnost<\/title>\n<meta name=\"robots\" content=\"noindex, follow, max-snippet:-1, max-image-preview:large, max-video-preview:-1\" \/>\n<meta property=\"og:locale\" content=\"cs_CZ\" \/>\n<meta property=\"og:type\" content=\"article\" \/>\n<meta property=\"og:title\" content=\"Realizace - SIAS - in\u017een\u00fdrsk\u00e1 a stavebn\u00ed spole\u010dnost\" \/>\n<meta property=\"og:url\" content=\"http:\/\/mchead.net\/www_sias\/realizace\/\" \/>\n<meta property=\"og:site_name\" content=\"SIAS - in\u017een\u00fdrsk\u00e1 a stavebn\u00ed spole\u010dnost\" \/>\n<meta property=\"article:modified_time\" content=\"2022-01-26T20:55:58+00:00\" \/>\n<meta name=\"twitter:card\" content=\"summary_large_image\" \/>\n<meta name=\"twitter:label1\" content=\"Odhadovan\u00e1 doba \u010dten\u00ed\" \/>\n\t<meta name=\"twitter:data1\" content=\"1 minuta\" \/>\n<script type=\"application\/ld+json\" class=\"yoast-schema-graph\">{\"@context\":\"https:\/\/schema.org\",\"@graph\":[{\"@type\":\"WebSite\",\"@id\":\"http:\/\/mchead.net\/www_sias\/#website\",\"url\":\"http:\/\/mchead.net\/www_sias\/\",\"name\":\"SIAS - in\u017een\u00fdrsk\u00e1 a stavebn\u00ed spole\u010dnost\",\"description\":\"in\u017een\u00fdrsk\u00e1 a stavebn\u00ed spole\u010dnost\",\"potentialAction\":[{\"@type\":\"SearchAction\",\"target\":{\"@type\":\"EntryPoint\",\"urlTemplate\":\"http:\/\/mchead.net\/www_sias\/?s={search_term_string}\"},\"query-input\":\"required name=search_term_string\"}],\"inLanguage\":\"cs\"},{\"@type\":\"WebPage\",\"@id\":\"http:\/\/mchead.net\/www_sias\/realizace\/#webpage\",\"url\":\"http:\/\/mchead.net\/www_sias\/realizace\/\",\"name\":\"Realizace - SIAS - in\u017een\u00fdrsk\u00e1 a stavebn\u00ed spole\u010dnost\",\"isPartOf\":{\"@id\":\"http:\/\/mchead.net\/www_sias\/#website\"},\"datePublished\":\"2022-01-26T19:28:11+00:00\",\"dateModified\":\"2022-01-26T20:55:58+00:00\",\"breadcrumb\":{\"@id\":\"http:\/\/mchead.net\/www_sias\/realizace\/#breadcrumb\"},\"inLanguage\":\"cs\",\"potentialAction\":[{\"@type\":\"ReadAction\",\"target\":[\"http:\/\/mchead.net\/www_sias\/realizace\/\"]}]},{\"@type\":\"BreadcrumbList\",\"@id\":\"http:\/\/mchead.net\/www_sias\/realizace\/#breadcrumb\",\"itemListElement\":[{\"@type\":\"ListItem\",\"position\":1,\"name\":\"Dom\u016f\",\"item\":\"http:\/\/mchead.net\/www_sias\/\"},{\"@type\":\"ListItem\",\"position\":2,\"name\":\"Realizace\"}]}]}<\/script>\n<!-- \/ Yoast SEO plugin. -->","yoast_head_json":{"title":"Realizace - SIAS - in\u017een\u00fdrsk\u00e1 a stavebn\u00ed spole\u010dnost","robots":{"index":"noindex","follow":"follow","max-snippet":"max-snippet:-1","max-image-preview":"max-image-preview:large","max-video-preview":"max-video-preview:-1"},"og_locale":"cs_CZ","og_type":"article","og_title":"Realizace - SIAS - in\u017een\u00fdrsk\u00e1 a stavebn\u00ed spole\u010dnost","og_url":"http:\/\/mchead.net\/www_sias\/realizace\/","og_site_name":"SIAS - in\u017een\u00fdrsk\u00e1 a stavebn\u00ed spole\u010dnost","article_modified_time":"2022-01-26T20:55:58+00:00","twitter_card":"summary_large_image","twitter_misc":{"Odhadovan\u00e1 doba \u010dten\u00ed":"1 minuta"},"schema":{"@context":"https:\/\/schema.org","@graph":[{"@type":"WebSite","@id":"http:\/\/mchead.net\/www_sias\/#website","url":"http:\/\/mchead.net\/www_sias\/","name":"SIAS - in\u017een\u00fdrsk\u00e1 a stavebn\u00ed spole\u010dnost","description":"in\u017een\u00fdrsk\u00e1 a stavebn\u00ed spole\u010dnost","potentialAction":[{"@type":"SearchAction","target":{"@type":"EntryPoint","urlTemplate":"http:\/\/mchead.net\/www_sias\/?s={search_term_string}"},"query-input":"required name=search_term_string"}],"inLanguage":"cs"},{"@type":"WebPage","@id":"http:\/\/mchead.net\/www_sias\/realizace\/#webpage","url":"http:\/\/mchead.net\/www_sias\/realizace\/","name":"Realizace - SIAS - in\u017een\u00fdrsk\u00e1 a stavebn\u00ed spole\u010dnost","isPartOf":{"@id":"http:\/\/mchead.net\/www_sias\/#website"},"datePublished":"2022-01-26T19:28:11+00:00","dateModified":"2022-01-26T20:55:58+00:00","breadcrumb":{"@id":"http:\/\/mchead.net\/www_sias\/realizace\/#breadcrumb"},"inLanguage":"cs","potentialAction":[{"@type":"ReadAction","target":["http:\/\/mchead.net\/www_sias\/realizace\/"]}]},{"@type":"BreadcrumbList","@id":"http:\/\/mchead.net\/www_sias\/realizace\/#breadcrumb","itemListElement":[{"@type":"ListItem","position":1,"name":"Dom\u016f","item":"http:\/\/mchead.net\/www_sias\/"},{"@type":"ListItem","position":2,"name":"Realizace"}]}]}},"_links":{"self":[{"href":"http:\/\/mchead.net\/www_sias\/wp-json\/wp\/v2\/pages\/53","targetHints":{"allow":["GET"]}}],"collection":[{"href":"http:\/\/mchead.net\/www_sias\/wp-json\/wp\/v2\/pages"}],"about":[{"href":"http:\/\/mchead.net\/www_sias\/wp-json\/wp\/v2\/types\/page"}],"author":[{"embeddable":true,"href":"http:\/\/mchead.net\/www_sias\/wp-json\/wp\/v2\/users\/1"}],"replies":[{"embeddable":true,"href":"http:\/\/mchead.net\/www_sias\/wp-json\/wp\/v2\/comments?post=53"}],"version-history":[{"count":10,"href":"http:\/\/mchead.net\/www_sias\/wp-json\/wp\/v2\/pages\/53\/revisions"}],"predecessor-version":[{"id":272,"href":"http:\/\/mchead.net\/www_sias\/wp-json\/wp\/v2\/pages\/53\/revisions\/272"}],"wp:attachment":[{"href":"http:\/\/mchead.net\/www_sias\/wp-json\/wp\/v2\/media?parent=53"}],"curies":[{"name":"wp","href":"https:\/\/api.w.org\/{rel}","templated":true}]}}